{"id":1707,"date":"2023-11-20T08:10:10","date_gmt":"2023-11-20T08:10:10","guid":{"rendered":"https:\/\/grundwelle.com.tr\/kontakt\/"},"modified":"2024-09-17T12:07:17","modified_gmt":"2024-09-17T12:07:17","slug":"kontakt","status":"publish","type":"page","link":"https:\/\/grundwelle.com.tr\/de\/kontakt\/","title":{"rendered":"Kontakt"},"content":{"rendered":"  <div id=\"page-header-1428099676\" class=\"page-header-wrapper\">\n  <div class=\"page-title dark featured-title\">\n\n        <div class=\"page-title-bg\">\n      <div class=\"title-bg fill bg-fill\"\n        data-parallax-container=\".page-title\"\n        data-parallax-background\n        data-parallax=\"-\">\n      <\/div>\n      <div class=\"title-overlay fill\"><\/div>\n    <\/div>\n    \n    <div class=\"page-title-inner container align-bottom flex-row medium-flex-wrap\" >\n              <div class=\"title-wrapper flex-col text-left medium-text-center\">\n          <h1 class=\"entry-title mb-0\">\n            Kontakt          <\/h1>\n        <\/div>\n                    <div class=\"title-content flex-col flex-right text-right medium-text-center\">\n        <div class=\"title-share pt-half pb-half\"><div class=\"social-icons share-icons share-row relative\" ><a href=\"whatsapp:\/\/send?text=Kontakt - https:\/\/grundwelle.com.tr\/de\/kontakt\/\" data-action=\"share\/whatsapp\/share\" class=\"icon button circle is-outline tooltip whatsapp show-for-medium\" title=\"Auf WhatsApp teilen\" aria-label=\"Auf WhatsApp teilen\" ><i class=\"icon-whatsapp\" ><\/i><\/a><a href=\"https:\/\/www.facebook.com\/sharer.php?u=https:\/\/grundwelle.com.tr\/de\/kontakt\/\" data-label=\"Facebook\" onclick=\"window.open(this.href,this.title,'width=500,height=500,top=300px,left=300px'); return false;\" target=\"_blank\" class=\"icon button circle is-outline tooltip facebook\" title=\"Auf Facebook teilen\" aria-label=\"Auf Facebook teilen\" rel=\"noopener nofollow\" ><i class=\"icon-facebook\" ><\/i><\/a><a href=\"https:\/\/twitter.com\/share?url=https:\/\/grundwelle.com.tr\/de\/kontakt\/\" onclick=\"window.open(this.href,this.title,'width=500,height=500,top=300px,left=300px'); return false;\" target=\"_blank\" class=\"icon button circle is-outline tooltip twitter\" title=\"Auf Twitter teilen\" aria-label=\"Auf Twitter teilen\" rel=\"noopener nofollow\" ><i class=\"icon-twitter\" ><\/i><\/a><a href=\"mailto:?subject=Kontakt&body=Schau%20dir%20das%20an%3A%20https%3A%2F%2Fgrundwelle.com.tr%2Fde%2Fkontakt%2F\" class=\"icon button circle is-outline tooltip email\" title=\"E-mail an einen Freund senden\" aria-label=\"E-mail an einen Freund senden\" rel=\"nofollow\" ><i class=\"icon-envelop\" ><\/i><\/a><a href=\"https:\/\/pinterest.com\/pin\/create\/button?url=https:\/\/grundwelle.com.tr\/de\/kontakt\/&media&description=Kontakt\" onclick=\"window.open(this.href,this.title,'width=500,height=500,top=300px,left=300px'); return false;\" target=\"_blank\" class=\"icon button circle is-outline tooltip pinterest\" title=\"Pinterest Pin erstellen\" aria-label=\"Pinterest Pin erstellen\" rel=\"noopener nofollow\" ><i class=\"icon-pinterest\" ><\/i><\/a><a href=\"https:\/\/www.linkedin.com\/shareArticle?mini=true&url=https:\/\/grundwelle.com.tr\/de\/kontakt\/&title=Kontakt\" onclick=\"window.open(this.href,this.title,'width=500,height=500,top=300px,left=300px'); return false;\" target=\"_blank\" class=\"icon button circle is-outline tooltip linkedin\" title=\"Auf LinkedIn teilen\" aria-label=\"Auf LinkedIn teilen\" rel=\"noopener nofollow\" ><i class=\"icon-linkedin\" ><\/i><\/a><\/div><\/div>      <\/div>\n    <\/div>\n\n     \n<style>\n#page-header-1428099676 .page-title-inner {\n  min-height: 300px;\n}\n#page-header-1428099676 .title-bg {\n  background-image: url(https:\/\/grundwelle.com.tr\/wp-content\/uploads\/2023\/12\/iletisim.jpg);\n}\n#page-header-1428099676 .title-overlay {\n  background-color: rgba(0, 0, 0, 0.186);\n}\n<\/style>\n  <\/div>\n    <\/div>\n  \n\n\t<section class=\"section\" id=\"section_1801516872\">\n\t\t<div class=\"section-bg fill\" >\n\t\t\t\t\t\t\t\t\t\n\t\t\t\n\n\t\t<\/div>\n\n\t\t\n\n\t\t<div class=\"section-content relative\">\n\t\t\t\n<div class=\"row align-middle\"  id=\"row-1725107387\">\n\n\t<div id=\"col-1466465558\" class=\"col medium-5 small-12 large-5\"  >\n\t\t\t\t<div class=\"col-inner\"  >\n\t\t\t\n\t\t\t\n\t<div id=\"text-1710509933\" class=\"text\">\n\t\t\n<p><span style=\"font-size: 115%;\">Adresse Details<br \/>\n<\/span><\/p>\n<p>Atak\u00f6y 7-8-9-10. K\u0131s\u0131m Mah. \u00c7oban\u00e7e\u015fme E-5 Yanyol Cad. Atak\u00f6y Towers A Blok No: 20\/1 \u0130\u00e7 Kap\u0131 No: 70 Bak\u0131rk\u00f6y \/ \u0130stanbul<\/p>\n\t\t\n<style>\n#text-1710509933 {\n  color: #0a0a0a;\n}\n#text-1710509933 > * {\n  color: #0a0a0a;\n}\n<\/style>\n\t<\/div>\n\t\n\t<div id=\"text-2320740925\" class=\"text\">\n\t\t\n<p><span style=\"font-size: 115%;\">Telefon Details<\/span><\/p>\n<p><span style=\"color: #333333;\">Tel: <a style=\"color: #333333;\" href=\"tel:\/\/+905368277058\" rel=\"nofollow\">0536 827 7058<\/a><\/span><br \/>\n<span style=\"color: #333333;\">Mail: <a style=\"color: #333333;\" href=\"mailto:info@grundwelle.com\">info@grundwelle.com<\/a><\/span><\/p>\n\t\t\n<style>\n#text-2320740925 {\n  color: #0a0a0a;\n}\n#text-2320740925 > * {\n  color: #0a0a0a;\n}\n<\/style>\n\t<\/div>\n\t\n\t\t<\/div>\n\t\t\t\t\t<\/div>\n\n\t\n\n\t<div id=\"col-474145225\" class=\"col medium-7 small-12 large-7\"  >\n\t\t\t\t<div class=\"col-inner\" style=\"background-color:rgb(243, 243, 243);\" >\n\t\t\t\n\t<div class=\"is-border\"\n\t\tstyle=\"border-width:1px 1px 1px 1px;\">\n\t<\/div>\n\t\t\t\n\n<div class=\"wpforms-container wpforms-container-full wpforms-render-modern\" id=\"wpforms-538\"><form id=\"wpforms-form-538\" class=\"wpforms-validate wpforms-form wpforms-ajax-form\" data-formid=\"538\" method=\"post\" enctype=\"multipart\/form-data\" action=\"\/de\/wp-json\/wp\/v2\/pages\/1707\" data-token=\"bc8f0d9b3439c99ab0234d2b967ebf5d\" data-token-time=\"1776371975\"><noscript class=\"wpforms-error-noscript\">Please enable JavaScript in your browser to complete this form.<\/noscript><div class=\"wpforms-hidden\" id=\"wpforms-error-noscript\">Please enable JavaScript in your browser to complete this form.<\/div><div class=\"wpforms-field-container\"><div id=\"wpforms-538-field_0-container\" class=\"wpforms-field wpforms-field-name\" data-field-id=\"0\"><fieldset><legend class=\"wpforms-field-label\">Name Nachname <span class=\"wpforms-required-label\" aria-hidden=\"true\">*<\/span><\/legend><div class=\"wpforms-field-row wpforms-field-large\"><div class=\"wpforms-field-row-block wpforms-first wpforms-one-half\"><input type=\"text\" id=\"wpforms-538-field_0\" class=\"wpforms-field-name-first wpforms-field-required\" name=\"wpforms[fields][0][first]\" aria-errormessage=\"wpforms-538-field_0-error\" required><label for=\"wpforms-538-field_0\" class=\"wpforms-field-sublabel after\">Ad<\/label><\/div><div class=\"wpforms-field-row-block wpforms-one-half\"><input type=\"text\" id=\"wpforms-538-field_0-last\" class=\"wpforms-field-name-last wpforms-field-required\" name=\"wpforms[fields][0][last]\" aria-errormessage=\"wpforms-538-field_0-last-error\" required><label for=\"wpforms-538-field_0-last\" class=\"wpforms-field-sublabel after\">Soyad<\/label><\/div><\/div><\/fieldset><\/div><div id=\"wpforms-538-field_1-container\" class=\"wpforms-field wpforms-field-email\" data-field-id=\"1\"><label class=\"wpforms-field-label\" for=\"wpforms-538-field_1\">E-Mail <span class=\"wpforms-required-label\" aria-hidden=\"true\">*<\/span><\/label><input type=\"email\" id=\"wpforms-538-field_1\" class=\"wpforms-field-large wpforms-field-required\" name=\"wpforms[fields][1]\" spellcheck=\"false\" aria-errormessage=\"wpforms-538-field_1-error\" required><\/div><div id=\"wpforms-538-field_2-container\" class=\"wpforms-field wpforms-field-textarea\" data-field-id=\"2\"><label class=\"wpforms-field-label\" for=\"wpforms-538-field_2\">Kommentar oder Mitteilung<\/label><textarea id=\"wpforms-538-field_2\" class=\"wpforms-field-medium\" name=\"wpforms[fields][2]\" aria-errormessage=\"wpforms-538-field_2-error\" ><\/textarea><\/div><\/div><!-- .wpforms-field-container --><div class=\"wpforms-submit-container\" ><input type=\"hidden\" name=\"wpforms[id]\" value=\"538\"><input type=\"hidden\" name=\"page_title\" value=\"\"><input type=\"hidden\" name=\"page_url\" value=\"https:\/\/grundwelle.com.tr\/de\/wp-json\/wp\/v2\/pages\/1707\"><button type=\"submit\" name=\"wpforms[submit]\" id=\"wpforms-submit-538\" class=\"wpforms-submit\" data-alt-text=\"Ich schicke...\" data-submit-text=\"Senden Sie\" aria-live=\"assertive\" value=\"wpforms-submit\">Senden Sie<\/button><img loading=\"lazy\" decoding=\"async\" src=\"https:\/\/grundwelle.com.tr\/wp-content\/plugins\/wpforms\/assets\/images\/submit-spin.svg\" class=\"wpforms-submit-spinner\" style=\"display: none;\" width=\"26\" height=\"26\" alt=\"Loading\"><\/div><\/form><\/div>  <!-- .wpforms-container -->\n\n\t\t<\/div>\n\t\t\t\t\n<style>\n#col-474145225 > .col-inner {\n  padding: 30px 30px 30px 30px;\n}\n<\/style>\n\t<\/div>\n\n\t\n<\/div>\n\t\t<\/div>\n\n\t\t\n<style>\n#section_1801516872 {\n  padding-top: 30px;\n  padding-bottom: 30px;\n}\n<\/style>\n\t<\/section>\n\t\n","protected":false},"excerpt":{"rendered":"","protected":false},"author":1,"featured_media":0,"parent":0,"menu_order":0,"comment_status":"closed","ping_status":"closed","template":"page-blank.php","meta":{"footnotes":""},"class_list":["post-1707","page","type-page","status-publish","hentry"],"_links":{"self":[{"href":"https:\/\/grundwelle.com.tr\/de\/wp-json\/wp\/v2\/pages\/1707","targetHints":{"allow":["GET"]}}],"collection":[{"href":"https:\/\/grundwelle.com.tr\/de\/wp-json\/wp\/v2\/pages"}],"about":[{"href":"https:\/\/grundwelle.com.tr\/de\/wp-json\/wp\/v2\/types\/page"}],"author":[{"embeddable":true,"href":"https:\/\/grundwelle.com.tr\/de\/wp-json\/wp\/v2\/users\/1"}],"replies":[{"embeddable":true,"href":"https:\/\/grundwelle.com.tr\/de\/wp-json\/wp\/v2\/comments?post=1707"}],"version-history":[{"count":3,"href":"https:\/\/grundwelle.com.tr\/de\/wp-json\/wp\/v2\/pages\/1707\/revisions"}],"predecessor-version":[{"id":2465,"href":"https:\/\/grundwelle.com.tr\/de\/wp-json\/wp\/v2\/pages\/1707\/revisions\/2465"}],"wp:attachment":[{"href":"https:\/\/grundwelle.com.tr\/de\/wp-json\/wp\/v2\/media?parent=1707"}],"curies":[{"name":"wp","href":"https:\/\/api.w.org\/{rel}","templated":true}]}}