{"id":1775,"date":"2024-02-01T12:12:39","date_gmt":"2024-02-01T12:12:39","guid":{"rendered":"https:\/\/grundwelle.com.tr\/urun\/blackbatt-bb14-6-dzf-12v-14ah-elektromotorrad-batterie\/"},"modified":"2024-02-01T12:12:39","modified_gmt":"2024-02-01T12:12:39","slug":"blackbatt-bb14-6-dzf-12v-14ah-elektromotorrad-batterie","status":"publish","type":"product","link":"https:\/\/grundwelle.com.tr\/de\/urun\/blackbatt-bb14-6-dzf-12v-14ah-elektromotorrad-batterie\/","title":{"rendered":"Blackbatt BB14-6 DZF 12V 14Ah Elektromotorrad Batterie"},"content":{"rendered":"<ul>\n<li><span class=\"HwtZe\" lang=\"tr\"><span class=\"jCAhz ChMk0b\"><span class=\"ryNqvb\">Korrosionsbest\u00e4ndiges Blech aus einer Pb-Ca-Mehrfachlegierung<br \/>\n<\/span><\/span><\/span><\/li>\n<li><span class=\"HwtZe\" lang=\"tr\"><span class=\"jCAhz ChMk0b\"><span class=\"ryNqvb\">Hohe Energie- und Leistungsdichte<br \/>\n<\/span><\/span><\/span><\/li>\n<li>Breite Betriebstemperatur<\/li>\n<li><span class=\"HwtZe\" lang=\"tr\"><span class=\"jCAhz ChMk0b\"><span class=\"ryNqvb\">Hervorragende Entladekapazit\u00e4t bei hohen Entladestr\u00f6men<br \/>\n<\/span><\/span><\/span><\/li>\n<li>2 Jahre Haltbarkeitsdauer<\/li>\n<li>5 Jahre Lebenserwartung<\/li>\n<\/ul>\n<p>&nbsp;<\/p>\n<p>Spannung : 12V<br \/>\nKapazit\u00e4t : 15.4Ah@10hr-rate bis 1.75V pro Zelle @20\u2103<br \/>\nKlemme : M5 Buchse<br \/>\nAbmessungen: 151 x 99 x 98,50* mm (Breite x L\u00e4nge x Last)<br \/>\nGewicht: ca. 4,2 kg<br \/>\nMaximaler Ladestrom : 2.4A<\/p>\n<p>*Gesamth\u00f6he einschlie\u00dflich Klemmen<\/p>\n","protected":false},"excerpt":{"rendered":"<p><span class=\"HwtZe\" lang=\"tr\"><span class=\"jCAhz ChMk0b\"><span class=\"ryNqvb\">Die Blackbatt-Batterien der BB-DZF-Serie sind spezielle Batterien f\u00fcr Elektrofahrzeuge, die eine hohe Leistungsdichte ben\u00f6tigen. Dank seiner kompakten Gel-Chemie-Struktur und der extra verst\u00e4rkten Plattentechnologie mit Bird-Calcium weist es eine hervorragende Leistung in Elektrofahrzeuganwendungen auf. Die Batterien der BB-DZF-Serie, die dank ihrer speziellen Formel auch bei hohen Betriebstemperaturen eine hervorragende Leistung aufweisen, sind mit Bergbaufahrzeugen, AGV-Systemen, Solaranwendungen und Elektromotorr\u00e4dern kompatibel.<br \/>\n<\/span><\/span><br \/>\n<\/span><\/p>\n<div class=\"row\"  id=\"row-1283670285\">\n\n\t<div id=\"col-1111349438\" class=\"col medium-6 small-12 large-6\"  >\n\t\t\t\t<div class=\"col-inner\"  >\n\t\t\t\n\t\t\t\n<a href=\"https:\/\/grundwelle.com.tr\/de\/\" class=\"button secondary expand\"  >\n\t\t<span>Technischer Katalog<\/span>\n\t<\/a>\n\n\t\t<\/div>\n\t\t\t\t\t<\/div>\n\n\t\n\n\t<div id=\"col-689523999\" class=\"col medium-6 small-12 large-6\"  >\n\t\t\t\t<div class=\"col-inner\"  >\n\t\t\t\n\t\t\t\n<a href=\"mailto:info@grundwelle.com.tr\" class=\"button secondary expand\"  >\n\t\t<span>Angebot erhalten<\/span>\n\t<\/a>\n\n\t\t<\/div>\n\t\t\t\t\t<\/div>\n\n\t\n\n\t<div id=\"col-286896773\" class=\"col medium-6 small-12 large-6\"  >\n\t\t\t\t<div class=\"col-inner\"  >\n\t\t\t\n\t\t\t\n<a href=\"#kullanim-alani\" class=\"button primary is-outline expand\"  >\n\t\t<span>Einsatzgebiet<\/span>\n\t<\/a>\n\n\t\t<\/div>\n\t\t\t\t\t<\/div>\n\n\t\n\n\t<div id=\"col-1950337834\" class=\"col medium-6 small-12 large-6\"  >\n\t\t\t\t<div class=\"col-inner\"  >\n\t\t\t\n\t\t\t\n<a href=\"https:\/\/grundwelle.com.tr\/kalite-belgeleri\/\" class=\"button primary is-outline expand\"  >\n\t\t<span>Qualit\u00e4tszertifikate<\/span>\n\t<\/a>\n\n\t\t<\/div>\n\t\t\t\t\t<\/div>\n\n\t\n<\/div>\n","protected":false},"featured_media":1629,"comment_status":"closed","ping_status":"closed","template":"","meta":[],"product_brand":[],"product_cat":[88,89,69,67,78],"product_tag":[],"class_list":{"0":"post-1775","1":"product","2":"type-product","3":"status-publish","4":"has-post-thumbnail","6":"product_cat-gel-batterien","7":"product_cat-motivsystem-batterien","8":"product_cat-bb-dzf-serie","9":"product_cat-blackbatt-de","10":"product_cat-elektrofahrrad-batterien","12":"first","13":"instock","14":"shipping-taxable","15":"product-type-simple"},"_links":{"self":[{"href":"https:\/\/grundwelle.com.tr\/de\/wp-json\/wp\/v2\/product\/1775","targetHints":{"allow":["GET"]}}],"collection":[{"href":"https:\/\/grundwelle.com.tr\/de\/wp-json\/wp\/v2\/product"}],"about":[{"href":"https:\/\/grundwelle.com.tr\/de\/wp-json\/wp\/v2\/types\/product"}],"replies":[{"embeddable":true,"href":"https:\/\/grundwelle.com.tr\/de\/wp-json\/wp\/v2\/comments?post=1775"}],"wp:featuredmedia":[{"embeddable":true,"href":"https:\/\/grundwelle.com.tr\/de\/wp-json\/wp\/v2\/media\/1629"}],"wp:attachment":[{"href":"https:\/\/grundwelle.com.tr\/de\/wp-json\/wp\/v2\/media?parent=1775"}],"wp:term":[{"taxonomy":"product_brand","embeddable":true,"href":"https:\/\/grundwelle.com.tr\/de\/wp-json\/wp\/v2\/product_brand?post=1775"},{"taxonomy":"product_cat","embeddable":true,"href":"https:\/\/grundwelle.com.tr\/de\/wp-json\/wp\/v2\/product_cat?post=1775"},{"taxonomy":"product_tag","embeddable":true,"href":"https:\/\/grundwelle.com.tr\/de\/wp-json\/wp\/v2\/product_tag?post=1775"}],"curies":[{"name":"wp","href":"https:\/\/api.w.org\/{rel}","templated":true}]}}