{"id":1786,"date":"2024-01-03T21:17:42","date_gmt":"2024-01-03T21:17:42","guid":{"rendered":"https:\/\/grundwelle.com.tr\/urun\/genesis-g26ep-12v-26ah-vollstaendig-wartungsfreie-trocken-reinblei-agm-batterie\/"},"modified":"2024-01-03T21:17:42","modified_gmt":"2024-01-03T21:17:42","slug":"genesis-g26ep-12v-26ah-vollstaendig-wartungsfreie-trocken-reinblei-agm-batterie","status":"publish","type":"product","link":"https:\/\/grundwelle.com.tr\/de\/urun\/genesis-g26ep-12v-26ah-vollstaendig-wartungsfreie-trocken-reinblei-agm-batterie\/","title":{"rendered":"Genesis G26EP 12V 26Ah Vollst\u00e4ndig wartungsfreie Trocken-Reinblei-AGM-Batterie"},"content":{"rendered":"<ul>\n<li>TTPL-Technologie<\/li>\n<li><span class=\"HwtZe\" lang=\"tr\"><span class=\"jCAhz ChMk0b\"><span class=\"ryNqvb\">Hohe Leistungsdichte<br \/>\n<\/span><\/span><\/span><\/li>\n<li>-40\u00b0C bis +80\u00b0C Betriebstemperatur<\/li>\n<li><span class=\"HwtZe\" lang=\"tr\"><span class=\"jCAhz ChMk0b\"><span class=\"ryNqvb\">400 Zyklen Lebensdauer bei 80% Tiefe<\/span><\/span><\/span><\/li>\n<li>2 Jahre Haltbarkeitsdauer<\/li>\n<li>Schnelles Laden<\/li>\n<li>Eurobat-Normen<\/li>\n<\/ul>\n<p>Spannung : 12V<br \/>\nKapazit\u00e4t : 28.0Ah@10hr-rate bis 1.80V pro Zelle @20\u2103<br \/>\nKlemme : M6 Buchse<br \/>\nAbmessungen: 166 x 175 x 125* mm (Breite x L\u00e4nge x Last)<br \/>\nGewicht: ca. 10,1 kg<br \/>\nInnenwiderstand : Ca. 12,3 m\u03a9<\/p>\n<p>*Gesamth\u00f6he einschlie\u00dflich Klemmen<\/p>\n","protected":false},"excerpt":{"rendered":"<p><span class=\"HwtZe\" lang=\"tr\"><span class=\"jCAhz ChMk0b\"><span class=\"ryNqvb\">EnerSys Genesis EP VRLA-Batterien verf\u00fcgen \u00fcber die TPPL-Technologie, die es erm\u00f6glicht, mehr Leistung auf kleinem Raum unterzubringen.<\/span><\/span> <span class=\"jCAhz ChMk0b\"><span class=\"ryNqvb\">Die EP-Serie bietet eine Deep-Cycle-Konstruktion, schnelle Ladem\u00f6glichkeiten und ein versiegeltes Design, das eine Montage in jeder Position au\u00dfer in umgekehrter Richtung erm\u00f6glicht.<\/span><\/span> <span class=\"jCAhz ChMk0b\"><span class=\"ryNqvb\">Zus\u00e4tzlich zu ihren \u00fcberragenden Leistungsmerkmalen zeichnet sich die Genesis EP-Batterie auch in physisch anspruchsvollen Anwendungen wie Umgebungen mit hohen Temperaturen und starken Vibrationen aus.<\/span><\/span><\/span><\/p>\n<div class=\"row\"  id=\"row-1694249127\">\n\n\t<div id=\"col-1554185535\" class=\"col medium-6 small-12 large-6\"  >\n\t\t\t\t<div class=\"col-inner\"  >\n\t\t\t\n\t\t\t\n<a href=\"https:\/\/grundwelle.com.tr\/wp-content\/uploads\/2024\/01\/Enersys-Genersis-EP-Series.pdf\" class=\"button secondary expand\"  >\n\t\t<span>Technischer Katalog<\/span>\n\t<\/a>\n\n\t\t<\/div>\n\t\t\t\t\t<\/div>\n\n\t\n\n\t<div id=\"col-1155503776\" class=\"col medium-6 small-12 large-6\"  >\n\t\t\t\t<div class=\"col-inner\"  >\n\t\t\t\n\t\t\t\n<a href=\"mailto:info@grundwelle.com.tr\" class=\"button secondary expand\"  >\n\t\t<span>Angebot erhalten<\/span>\n\t<\/a>\n\n\t\t<\/div>\n\t\t\t\t\t<\/div>\n\n\t\n\n\t<div id=\"col-1841885114\" class=\"col medium-6 small-12 large-6\"  >\n\t\t\t\t<div class=\"col-inner\"  >\n\t\t\t\n\t\t\t\n<a href=\"#kullanim-alani\" class=\"button primary is-outline expand\"  >\n\t\t<span>Einsatzgebiet<\/span>\n\t<\/a>\n\n\t\t<\/div>\n\t\t\t\t\t<\/div>\n\n\t\n\n\t<div id=\"col-9171284\" class=\"col medium-6 small-12 large-6\"  >\n\t\t\t\t<div class=\"col-inner\"  >\n\t\t\t\n\t\t\t\n<a href=\"https:\/\/grundwelle.com.tr\/kalite-belgeleri\/\" class=\"button primary is-outline expand\"  >\n\t\t<span>Qualit\u00e4tszertifikate<\/span>\n\t<\/a>\n\n\t\t<\/div>\n\t\t\t\t\t<\/div>\n\n\t\n<\/div>\n","protected":false},"featured_media":1558,"comment_status":"closed","ping_status":"closed","template":"","meta":[],"product_brand":[],"product_cat":[89,82,65],"product_tag":[],"class_list":{"0":"post-1786","1":"product","2":"type-product","3":"status-publish","4":"has-post-thumbnail","6":"product_cat-motivsystem-batterien","7":"product_cat-genesis-ep-serie","8":"product_cat-wartungsfreie-trockenbatterien","10":"first","11":"instock","12":"shipping-taxable","13":"product-type-simple"},"_links":{"self":[{"href":"https:\/\/grundwelle.com.tr\/de\/wp-json\/wp\/v2\/product\/1786","targetHints":{"allow":["GET"]}}],"collection":[{"href":"https:\/\/grundwelle.com.tr\/de\/wp-json\/wp\/v2\/product"}],"about":[{"href":"https:\/\/grundwelle.com.tr\/de\/wp-json\/wp\/v2\/types\/product"}],"replies":[{"embeddable":true,"href":"https:\/\/grundwelle.com.tr\/de\/wp-json\/wp\/v2\/comments?post=1786"}],"wp:featuredmedia":[{"embeddable":true,"href":"https:\/\/grundwelle.com.tr\/de\/wp-json\/wp\/v2\/media\/1558"}],"wp:attachment":[{"href":"https:\/\/grundwelle.com.tr\/de\/wp-json\/wp\/v2\/media?parent=1786"}],"wp:term":[{"taxonomy":"product_brand","embeddable":true,"href":"https:\/\/grundwelle.com.tr\/de\/wp-json\/wp\/v2\/product_brand?post=1786"},{"taxonomy":"product_cat","embeddable":true,"href":"https:\/\/grundwelle.com.tr\/de\/wp-json\/wp\/v2\/product_cat?post=1786"},{"taxonomy":"product_tag","embeddable":true,"href":"https:\/\/grundwelle.com.tr\/de\/wp-json\/wp\/v2\/product_tag?post=1786"}],"curies":[{"name":"wp","href":"https:\/\/api.w.org\/{rel}","templated":true}]}}