{"id":1823,"date":"2024-01-03T20:03:39","date_gmt":"2024-01-03T20:03:39","guid":{"rendered":"https:\/\/grundwelle.com.tr\/urun\/datasafe-12hx80-12v-18ah-vollstaendig-wartungsfreie-agm-trockenbatterie\/"},"modified":"2024-01-03T20:03:39","modified_gmt":"2024-01-03T20:03:39","slug":"datasafe-12hx80-12v-18ah-vollstaendig-wartungsfreie-agm-trockenbatterie","status":"publish","type":"product","link":"https:\/\/grundwelle.com.tr\/de\/urun\/datasafe-12hx80-12v-18ah-vollstaendig-wartungsfreie-agm-trockenbatterie\/","title":{"rendered":"Datasafe 12HX80 12V 18Ah Vollst\u00e4ndig wartungsfreie AGM-Trockenbatterie"},"content":{"rendered":"<p>-Lange Lebensdauer<br \/>\n-Geringe Selbstentladung<br \/>\n-Hohe Entladeleistung<br \/>\n-Weiterer Betrieb Temperatur<br \/>\n-Entspricht den Normen IEC, JIS, BS und YDT<\/p>\n<p>Spannung : 12V<br \/>\nKapazit\u00e4t : 28.0Ah@20hr-rate bis 1.75V pro Zelle @25\u2103<br \/>\nTerminal : F3(M5)\/F13-BP(M5)T24(M5)<br \/>\nAbmessungen: 166 x 176 x 176 x 125* mm (Breite x L\u00e4nge x Last)<br \/>\nGewicht: ca. 8,10 kg (Toleranz\u00b13,0%)<br \/>\nInnenwiderstand : Ca. 11,0 m\u03a9<br \/>\nVRLA-Technologie<\/p>\n<p>*Gesamth\u00f6he einschlie\u00dflich Klemmen<\/p>\n","protected":false},"excerpt":{"rendered":"<p>Bei der EnerSys DataSafe HX-Serie handelt es sich um VRLA-Batterien, die hervorragende L\u00f6sungen f\u00fcr USV-, IT- und Telekommunikationsm\u00e4rkte (ausgew\u00e4hlte Modelle) bieten, die ein hohes Ma\u00df an Sicherheit und Zuverl\u00e4ssigkeit erfordern. Mit einer Lebenserwartung von 10-12 Jahren nach Eurobat-Standard verf\u00fcgt die DataSafe HX-Serie \u00fcber ausgew\u00e4hlte Konstruktionsmerkmale, die die Zuverl\u00e4ssigkeit maximieren und gleichzeitig eine \u00fcberragende Leistung und ausgezeichnete Lebensdauer bieten.<\/p>\n<div class=\"row\"  id=\"row-300926812\">\n\n\t<div id=\"col-1746236177\" class=\"col medium-6 small-12 large-6\"  >\n\t\t\t\t<div class=\"col-inner\"  >\n\t\t\t\n\t\t\t\n<a href=\"https:\/\/grundwelle.com.tr\/wp-content\/uploads\/2024\/01\/Enersys-Datasafe-HX-Series.pdf\" class=\"button secondary expand\"  >\n\t\t<span>Technischer Katalog<\/span>\n\t<\/a>\n\n\t\t<\/div>\n\t\t\t\t\t<\/div>\n\n\t\n\n\t<div id=\"col-337295241\" class=\"col medium-6 small-12 large-6\"  >\n\t\t\t\t<div class=\"col-inner\"  >\n\t\t\t\n\t\t\t\n<a href=\"mailto:info@grundwelle.com.tr\" class=\"button secondary expand\"  >\n\t\t<span>Angebot erhalten<\/span>\n\t<\/a>\n\n\t\t<\/div>\n\t\t\t\t\t<\/div>\n\n\t\n\n\t<div id=\"col-1690691348\" class=\"col medium-6 small-12 large-6\"  >\n\t\t\t\t<div class=\"col-inner\"  >\n\t\t\t\n\t\t\t\n<a href=\"#kullanim-alani\" class=\"button primary is-outline expand\"  >\n\t\t<span>Einsatzgebiet<\/span>\n\t<\/a>\n\n\t\t<\/div>\n\t\t\t\t\t<\/div>\n\n\t\n\n\t<div id=\"col-852040215\" class=\"col medium-6 small-12 large-6\"  >\n\t\t\t\t<div class=\"col-inner\"  >\n\t\t\t\n\t\t\t\n<a href=\"https:\/\/grundwelle.com.tr\/kalite-belgeleri\/\" class=\"button primary is-outline expand\"  >\n\t\t<span>Qualit\u00e4tszertifikate<\/span>\n\t<\/a>\n\n\t\t<\/div>\n\t\t\t\t\t<\/div>\n\n\t\n<\/div>\n","protected":false},"featured_media":1532,"comment_status":"closed","ping_status":"closed","template":"","meta":[],"product_brand":[],"product_cat":[94,81,79,65],"product_tag":[],"class_list":{"0":"post-1823","1":"product","2":"type-product","3":"status-publish","4":"has-post-thumbnail","6":"product_cat-batterien-fur-schwachstromsysteme","7":"product_cat-datasafe-hx-serie-de","8":"product_cat-enersys-de","9":"product_cat-wartungsfreie-trockenbatterien","11":"first","12":"instock","13":"shipping-taxable","14":"product-type-simple"},"_links":{"self":[{"href":"https:\/\/grundwelle.com.tr\/de\/wp-json\/wp\/v2\/product\/1823","targetHints":{"allow":["GET"]}}],"collection":[{"href":"https:\/\/grundwelle.com.tr\/de\/wp-json\/wp\/v2\/product"}],"about":[{"href":"https:\/\/grundwelle.com.tr\/de\/wp-json\/wp\/v2\/types\/product"}],"replies":[{"embeddable":true,"href":"https:\/\/grundwelle.com.tr\/de\/wp-json\/wp\/v2\/comments?post=1823"}],"wp:featuredmedia":[{"embeddable":true,"href":"https:\/\/grundwelle.com.tr\/de\/wp-json\/wp\/v2\/media\/1532"}],"wp:attachment":[{"href":"https:\/\/grundwelle.com.tr\/de\/wp-json\/wp\/v2\/media?parent=1823"}],"wp:term":[{"taxonomy":"product_brand","embeddable":true,"href":"https:\/\/grundwelle.com.tr\/de\/wp-json\/wp\/v2\/product_brand?post=1823"},{"taxonomy":"product_cat","embeddable":true,"href":"https:\/\/grundwelle.com.tr\/de\/wp-json\/wp\/v2\/product_cat?post=1823"},{"taxonomy":"product_tag","embeddable":true,"href":"https:\/\/grundwelle.com.tr\/de\/wp-json\/wp\/v2\/product_tag?post=1823"}],"curies":[{"name":"wp","href":"https:\/\/api.w.org\/{rel}","templated":true}]}}