{"id":1901,"date":"2023-12-16T19:36:04","date_gmt":"2023-12-16T19:36:04","guid":{"rendered":"https:\/\/grundwelle.com.tr\/urun\/ra12-55-12v-55ah-vollstaendig-wartungsfreie-agm-trockenbatterie\/"},"modified":"2024-02-06T10:49:48","modified_gmt":"2024-02-06T10:49:48","slug":"ra12-55-12v-55ah-vollstaendig-wartungsfreie-agm-trockenbatterie","status":"publish","type":"product","link":"https:\/\/grundwelle.com.tr\/de\/urun\/ra12-55-12v-55ah-vollstaendig-wartungsfreie-agm-trockenbatterie\/","title":{"rendered":"RA12-55 12V 55Ah Vollst\u00e4ndig wartungsfreie AGM-Trockenbatterie"},"content":{"rendered":"<p>-Lange Lebensdauer<br \/>\n-Geringe Selbstentladung<br \/>\n-Hohe Entladeleistung<br \/>\n-Weiterer Betrieb Temperatur<br \/>\n-Entspricht den Normen IEC, JIS, BS und YDT<\/p>\n<p>Spannung : 12V<br \/>\nKapazit\u00e4t : 55.0Ah@10hr-rate bis 1.80V pro Zelle @25\u2103<br \/>\nTerminal : F11(M6)\/F15(M6)\/L3<br \/>\nAbmessungen: 229 x 138 x 216* mm (Breite x L\u00e4nge x Last)<br \/>\nGewicht: ca. 15,5 kg (Toleranz\u00b13,0%)<br \/>\nInnenwiderstand : Ca. 7,5 m\u03a9<br \/>\nVRLA-Technologie<\/p>\n<p>*Gesamth\u00f6he einschlie\u00dflich Klemmen<\/p>\n","protected":false},"excerpt":{"rendered":"<p>Die Batterien der Ritar RA-Serie sind VRLA-Batterien f\u00fcr den allgemeinen Gebrauch und haben eine Lebensdauer von 12 Jahren. Mit der \u00fcberlegenen AGM-Ventilregulierungstechnologie und dem hochreinen Rohmaterial gew\u00e4hrleisten die Batterien der RA-Serie eine hohe Konsistenz f\u00fcr eine bessere Leistung und eine zuverl\u00e4ssige Lebensdauer. Erh\u00e4ltlich in IEC- und JIS-Normen, Kapazit\u00e4tsoptionen von 33Ah bis 260Ah.<\/p>\n<div class=\"row\"  id=\"row-2076406744\">\n\n\t<div id=\"col-1954141574\" class=\"col medium-6 small-12 large-6\"  >\n\t\t\t\t<div class=\"col-inner\"  >\n\t\t\t\n\t\t\t\n<a href=\"https:\/\/grundwelle.com.tr\/wp-content\/uploads\/2023\/12\/RA12-55.pdf\" class=\"button secondary expand\"  >\n\t\t<span>Technischer Katalog<\/span>\n\t<\/a>\n\n\t\t<\/div>\n\t\t\t\t\t<\/div>\n\n\t\n\n\t<div id=\"col-1475173350\" class=\"col medium-6 small-12 large-6\"  >\n\t\t\t\t<div class=\"col-inner\"  >\n\t\t\t\n\t\t\t\n<a href=\"mailto:info@grundwelle.com.tr\" class=\"button secondary expand\"  >\n\t\t<span>Angebot erhalten<\/span>\n\t<\/a>\n\n\t\t<\/div>\n\t\t\t\t\t<\/div>\n\n\t\n\n\t<div id=\"col-1836575260\" class=\"col medium-6 small-12 large-6\"  >\n\t\t\t\t<div class=\"col-inner\"  >\n\t\t\t\n\t\t\t\n<a href=\"#kullanim-alani\" class=\"button primary is-outline expand\"  >\n\t\t<span>Einsatzgebiet<\/span>\n\t<\/a>\n\n\t\t<\/div>\n\t\t\t\t\t<\/div>\n\n\t\n\n\t<div id=\"col-2057468895\" class=\"col medium-6 small-12 large-6\"  >\n\t\t\t\t<div class=\"col-inner\"  >\n\t\t\t\n\t\t\t\n<a href=\"https:\/\/grundwelle.com.tr\/kalite-belgeleri\/\" class=\"button primary is-outline expand\"  >\n\t\t<span>Qualit\u00e4tszertifikate<\/span>\n\t<\/a>\n\n\t\t<\/div>\n\t\t\t\t\t<\/div>\n\n\t\n<\/div>\n","protected":false},"featured_media":1380,"comment_status":"closed","ping_status":"closed","template":"","meta":[],"product_brand":[],"product_cat":[97,65,52],"product_tag":[],"class_list":{"0":"post-1901","1":"product","2":"type-product","3":"status-publish","4":"has-post-thumbnail","6":"product_cat-ra-serie","7":"product_cat-wartungsfreie-trockenbatterien","8":"product_cat-unkategorisiert","10":"first","11":"instock","12":"shipping-taxable","13":"product-type-simple"},"_links":{"self":[{"href":"https:\/\/grundwelle.com.tr\/de\/wp-json\/wp\/v2\/product\/1901","targetHints":{"allow":["GET"]}}],"collection":[{"href":"https:\/\/grundwelle.com.tr\/de\/wp-json\/wp\/v2\/product"}],"about":[{"href":"https:\/\/grundwelle.com.tr\/de\/wp-json\/wp\/v2\/types\/product"}],"replies":[{"embeddable":true,"href":"https:\/\/grundwelle.com.tr\/de\/wp-json\/wp\/v2\/comments?post=1901"}],"wp:featuredmedia":[{"embeddable":true,"href":"https:\/\/grundwelle.com.tr\/de\/wp-json\/wp\/v2\/media\/1380"}],"wp:attachment":[{"href":"https:\/\/grundwelle.com.tr\/de\/wp-json\/wp\/v2\/media?parent=1901"}],"wp:term":[{"taxonomy":"product_brand","embeddable":true,"href":"https:\/\/grundwelle.com.tr\/de\/wp-json\/wp\/v2\/product_brand?post=1901"},{"taxonomy":"product_cat","embeddable":true,"href":"https:\/\/grundwelle.com.tr\/de\/wp-json\/wp\/v2\/product_cat?post=1901"},{"taxonomy":"product_tag","embeddable":true,"href":"https:\/\/grundwelle.com.tr\/de\/wp-json\/wp\/v2\/product_tag?post=1901"}],"curies":[{"name":"wp","href":"https:\/\/api.w.org\/{rel}","templated":true}]}}