{"id":1907,"date":"2023-12-16T19:28:41","date_gmt":"2023-12-16T19:28:41","guid":{"rendered":"https:\/\/grundwelle.com.tr\/urun\/ft12-110g-12v-110ah-frontklemme-deep-cycle-gel-batterie\/"},"modified":"2023-12-16T19:28:41","modified_gmt":"2023-12-16T19:28:41","slug":"ft12-110g-12v-110ah-frontklemme-deep-cycle-gel-batterie","status":"publish","type":"product","link":"https:\/\/grundwelle.com.tr\/de\/urun\/ft12-110g-12v-110ah-frontklemme-deep-cycle-gel-batterie\/","title":{"rendered":"FT12-110G 12V 110Ah Frontklemme Deep Cycle Gel-Batterie"},"content":{"rendered":"<p>-Vorderseite Terminal-Design<br \/>\n-Langes Leben<br \/>\n-Minimale Selbstentladung mit niedrigem Innenwiderstand<br \/>\n-Hohe Entladungsleistung<br \/>\n-Breiter Einsatz Temperatur<br \/>\n-Entspricht den Normen IEC, JIS, BS und YDT<\/p>\n<p>Spannung : 12V<br \/>\nKapazit\u00e4t : 110Ah@20hr-rate bis 1.75V pro Zelle @25\u2103<br \/>\nTerminal : F9(M8)<br \/>\nAbmessungen: 410 x 109 x 293* mm (Breite x L\u00e4nge x Last)<br \/>\nGewicht: ca. 31,2 kg (Toleranz\u00b13,0%)<br \/>\nInnenwiderstand : Ca. 7,2 m\u03a9<br \/>\nVRLA-Rein-Gel-Technologie<\/p>\n<p>*Gesamth\u00f6he einschlie\u00dflich Klemmen<\/p>\n","protected":false},"excerpt":{"rendered":"<p>Die Ritar DG (Deep Cycle GEL) Serie sind reine Gel-Batterien mit einer Lebensdauer von 15 Jahren. Geeignet f\u00fcr den Einsatz in Standby- oder Lade-Entlade-Anwendungen unter rauen Umgebungsbedingungen.<br \/>\nMit einer breiten Palette an Kapazit\u00e4ten von 33Ah bis 3000Ah mit 2V-, 6V- und 12V-Optionen bietet die Ritar DG-Serie eine hervorragende Erholungsf\u00e4higkeit nach Tiefentladung bei h\u00e4ufigem Lade-Entlade-Einsatz. Sie nutzt eine starke Plattenstruktur, hochfestes Blei und einen patentierten Gel-Elektrolyten und kann 450 Zyklen bei 100% Entladetiefe liefern.<\/p>\n","protected":false},"featured_media":1364,"comment_status":"closed","ping_status":"closed","template":"","meta":[],"product_brand":[],"product_cat":[99,88,52],"product_tag":[],"class_list":{"0":"post-1907","1":"product","2":"type-product","3":"status-publish","4":"has-post-thumbnail","6":"product_cat-dg-serie","7":"product_cat-gel-batterien","8":"product_cat-unkategorisiert","10":"first","11":"instock","12":"shipping-taxable","13":"product-type-simple"},"_links":{"self":[{"href":"https:\/\/grundwelle.com.tr\/de\/wp-json\/wp\/v2\/product\/1907","targetHints":{"allow":["GET"]}}],"collection":[{"href":"https:\/\/grundwelle.com.tr\/de\/wp-json\/wp\/v2\/product"}],"about":[{"href":"https:\/\/grundwelle.com.tr\/de\/wp-json\/wp\/v2\/types\/product"}],"replies":[{"embeddable":true,"href":"https:\/\/grundwelle.com.tr\/de\/wp-json\/wp\/v2\/comments?post=1907"}],"wp:featuredmedia":[{"embeddable":true,"href":"https:\/\/grundwelle.com.tr\/de\/wp-json\/wp\/v2\/media\/1364"}],"wp:attachment":[{"href":"https:\/\/grundwelle.com.tr\/de\/wp-json\/wp\/v2\/media?parent=1907"}],"wp:term":[{"taxonomy":"product_brand","embeddable":true,"href":"https:\/\/grundwelle.com.tr\/de\/wp-json\/wp\/v2\/product_brand?post=1907"},{"taxonomy":"product_cat","embeddable":true,"href":"https:\/\/grundwelle.com.tr\/de\/wp-json\/wp\/v2\/product_cat?post=1907"},{"taxonomy":"product_tag","embeddable":true,"href":"https:\/\/grundwelle.com.tr\/de\/wp-json\/wp\/v2\/product_tag?post=1907"}],"curies":[{"name":"wp","href":"https:\/\/api.w.org\/{rel}","templated":true}]}}