{"id":1945,"date":"2023-12-16T19:08:37","date_gmt":"2023-12-16T19:08:37","guid":{"rendered":"https:\/\/grundwelle.com.tr\/urun\/dg12-40-12v-40ah-deep-cycle-gel-batterie\/"},"modified":"2023-12-16T19:08:37","modified_gmt":"2023-12-16T19:08:37","slug":"dg12-40-12v-40ah-deep-cycle-gel-batterie","status":"publish","type":"product","link":"https:\/\/grundwelle.com.tr\/de\/urun\/dg12-40-12v-40ah-deep-cycle-gel-batterie\/","title":{"rendered":"DG12-40 12V 40Ah Deep Cycle Gel-Batterie"},"content":{"rendered":"<p>-Langes Leben<br \/>\n-Minimale Selbstentladung mit niedrigem Innenwiderstand<br \/>\n-Hohe Entladungsleistung<br \/>\n-Breiter Einsatz Temperatur<br \/>\n-Entspricht den Normen IEC, JIS, BS und YDT<\/p>\n<p>Spannung : 12V<br \/>\nKapazit\u00e4t : 40Ah@20hr-Rate bis 1,75V pro Zelle @25\u2103<br \/>\nTerminal : F4(M5)\/F11(M6)<br \/>\nAbmessungen: 198 x 166 x 169* mm (Breite x L\u00e4nge x Last)<br \/>\nGewicht: ca. 12,4 kg (Toleranz\u00b13,0%)<br \/>\nInnenwiderstand : Ca. 12,0 m\u03a9<br \/>\nVRLA-Rein-Gel-Technologie<\/p>\n<p>*Gesamth\u00f6he einschlie\u00dflich Klemmen<\/p>\n","protected":false},"excerpt":{"rendered":"<p>Die Ritar DG (Deep Cycle GEL) Serie sind reine Gel-Batterien mit einer Lebensdauer von 15 Jahren. Geeignet f\u00fcr den Einsatz in Standby- oder Lade-Entlade-Anwendungen unter rauen Umgebungsbedingungen.<br \/>\nMit einer breiten Palette an Kapazit\u00e4ten von 33Ah bis 3000Ah mit 2V-, 6V- und 12V-Optionen bietet die Ritar DG-Serie eine hervorragende Erholungsf\u00e4higkeit nach Tiefentladung bei h\u00e4ufigem Lade-Entlade-Einsatz. Sie nutzt eine starke Plattenstruktur, hochfestes Blei und einen patentierten Gel-Elektrolyten und kann 450 Zyklen bei 100% Entladetiefe liefern.<\/p>\n<div class=\"row\"  id=\"row-667174172\">\n\n\t<div id=\"col-333679133\" class=\"col medium-6 small-12 large-6\"  >\n\t\t\t\t<div class=\"col-inner\"  >\n\t\t\t\n\t\t\t\n<a href=\"https:\/\/grundwelle.com.tr\/wp-content\/uploads\/2023\/12\/DG12-40.pdf\" class=\"button secondary expand\"  >\n\t\t<span>Technischer Katalog<\/span>\n\t<\/a>\n\n\t\t<\/div>\n\t\t\t\t\t<\/div>\n\n\t\n\n\t<div id=\"col-1576713164\" class=\"col medium-6 small-12 large-6\"  >\n\t\t\t\t<div class=\"col-inner\"  >\n\t\t\t\n\t\t\t\n<a href=\"mailto:info@grundwelle.com.tr\" class=\"button secondary expand\"  >\n\t\t<span>Angebot erhalten<\/span>\n\t<\/a>\n\n\t\t<\/div>\n\t\t\t\t\t<\/div>\n\n\t\n\n\t<div id=\"col-730968823\" class=\"col medium-6 small-12 large-6\"  >\n\t\t\t\t<div class=\"col-inner\"  >\n\t\t\t\n\t\t\t\n<a href=\"#kullanim-alani\" class=\"button primary is-outline expand\"  >\n\t\t<span>Einsatzgebiet<\/span>\n\t<\/a>\n\n\t\t<\/div>\n\t\t\t\t\t<\/div>\n\n\t\n\n\t<div id=\"col-1449542084\" class=\"col medium-6 small-12 large-6\"  >\n\t\t\t\t<div class=\"col-inner\"  >\n\t\t\t\n\t\t\t\n<a href=\"https:\/\/grundwelle.com.tr\/kalite-belgeleri\/\" class=\"button primary is-outline expand\"  >\n\t\t<span>Qualit\u00e4tszertifikate<\/span>\n\t<\/a>\n\n\t\t<\/div>\n\t\t\t\t\t<\/div>\n\n\t\n<\/div>\n","protected":false},"featured_media":1326,"comment_status":"closed","ping_status":"closed","template":"","meta":[],"product_brand":[],"product_cat":[99,52],"product_tag":[],"class_list":{"0":"post-1945","1":"product","2":"type-product","3":"status-publish","4":"has-post-thumbnail","6":"product_cat-dg-serie","7":"product_cat-unkategorisiert","9":"first","10":"instock","11":"shipping-taxable","12":"product-type-simple"},"_links":{"self":[{"href":"https:\/\/grundwelle.com.tr\/de\/wp-json\/wp\/v2\/product\/1945","targetHints":{"allow":["GET"]}}],"collection":[{"href":"https:\/\/grundwelle.com.tr\/de\/wp-json\/wp\/v2\/product"}],"about":[{"href":"https:\/\/grundwelle.com.tr\/de\/wp-json\/wp\/v2\/types\/product"}],"replies":[{"embeddable":true,"href":"https:\/\/grundwelle.com.tr\/de\/wp-json\/wp\/v2\/comments?post=1945"}],"wp:featuredmedia":[{"embeddable":true,"href":"https:\/\/grundwelle.com.tr\/de\/wp-json\/wp\/v2\/media\/1326"}],"wp:attachment":[{"href":"https:\/\/grundwelle.com.tr\/de\/wp-json\/wp\/v2\/media?parent=1945"}],"wp:term":[{"taxonomy":"product_brand","embeddable":true,"href":"https:\/\/grundwelle.com.tr\/de\/wp-json\/wp\/v2\/product_brand?post=1945"},{"taxonomy":"product_cat","embeddable":true,"href":"https:\/\/grundwelle.com.tr\/de\/wp-json\/wp\/v2\/product_cat?post=1945"},{"taxonomy":"product_tag","embeddable":true,"href":"https:\/\/grundwelle.com.tr\/de\/wp-json\/wp\/v2\/product_tag?post=1945"}],"curies":[{"name":"wp","href":"https:\/\/api.w.org\/{rel}","templated":true}]}}