{"id":1980,"date":"2023-12-16T18:49:32","date_gmt":"2023-12-16T18:49:32","guid":{"rendered":"https:\/\/grundwelle.com.tr\/urun\/ritar-rl2-500-2v-500ah-vollstaendig-wartungsfreie-agm-trockenbatterie\/"},"modified":"2023-12-16T18:49:32","modified_gmt":"2023-12-16T18:49:32","slug":"ritar-rl2-500-2v-500ah-vollstaendig-wartungsfreie-agm-trockenbatterie","status":"publish","type":"product","link":"https:\/\/grundwelle.com.tr\/de\/urun\/ritar-rl2-500-2v-500ah-vollstaendig-wartungsfreie-agm-trockenbatterie\/","title":{"rendered":"Ritar RL2-500 2V 500Ah Vollst\u00e4ndig wartungsfreie AGM-Trockenbatterie"},"content":{"rendered":"<p>Die Probenahme im Zementwerk dient der Kontrolle der chemischen Prozesse, der Prozessoptimierung und der Silohomogenisierung sowie der Dokumentation der Produktqualit\u00e4t in den verschiedenen Produktstufen. Typische Analysen (aber nicht alle), die an Probenmaterial durchgef\u00fchrt werden, sind<br \/>\n\u2022 Elementaranalyse (mittels XRF)<br \/>\n\u2022 Mineralische Zusammensetzung (gem\u00e4\u00df XRD)<br \/>\n\u2022 Feuchtigkeit<br \/>\n\u2022 Subtilit\u00e4t, z.B. Partikelgr\u00f6\u00dfenverteilung, Siebr\u00fcckstand usw.<\/p>\n","protected":false},"excerpt":{"rendered":"<p>Die Ritar RL-Serie sind v\u00f6llig wartungsfreie VRLA-Batterien f\u00fcr den allgemeinen Gebrauch mit einer Lebensdauer von 20 Jahren. Mit hochbelastbaren Gittern, dickeren Platten, speziellen Additiven und einer aktualisierten AGM-Ventilregulierungstechnologie bietet die RL-Batterie eine konstante Leistung und lange Lebensdauer. Das neue, verbesserte Gitterdesign reduziert effektiv den Innenwiderstand, was zu einer hohen spezifischen Energiedichte und einer ausgezeichneten Entladekapazit\u00e4t mit hoher Rate f\u00fchrt.<\/p>\n<div class=\"row\"  id=\"row-1573218495\">\n\n\t<div id=\"col-175567404\" class=\"col medium-6 small-12 large-6\"  >\n\t\t\t\t<div class=\"col-inner\"  >\n\t\t\t\n\t\t\t\n<a href=\"https:\/\/grundwelle.com.tr\/wp-content\/uploads\/2023\/12\/RL2-500.pdf\" class=\"button secondary expand\"  >\n\t\t<span>Technischer Katalog<\/span>\n\t<\/a>\n\n\t\t<\/div>\n\t\t\t\t\t<\/div>\n\n\t\n\n\t<div id=\"col-860441785\" class=\"col medium-6 small-12 large-6\"  >\n\t\t\t\t<div class=\"col-inner\"  >\n\t\t\t\n\t\t\t\n<a href=\"mailto:info@grundwelle.com.tr\" class=\"button secondary expand\"  >\n\t\t<span>Angebot erhalten<\/span>\n\t<\/a>\n\n\t\t<\/div>\n\t\t\t\t\t<\/div>\n\n\t\n\n\t<div id=\"col-730404008\" class=\"col medium-6 small-12 large-6\"  >\n\t\t\t\t<div class=\"col-inner\"  >\n\t\t\t\n\t\t\t\n<a href=\"#kullanim-alani\" class=\"button primary is-outline expand\"  >\n\t\t<span>Einsatzgebiet<\/span>\n\t<\/a>\n\n\t\t<\/div>\n\t\t\t\t\t<\/div>\n\n\t\n\n\t<div id=\"col-197936376\" class=\"col medium-6 small-12 large-6\"  >\n\t\t\t\t<div class=\"col-inner\"  >\n\t\t\t\n\t\t\t\n<a href=\"https:\/\/grundwelle.com.tr\/kalite-belgeleri\/\" class=\"button primary is-outline expand\"  >\n\t\t<span>Qualit\u00e4tszertifikate<\/span>\n\t<\/a>\n\n\t\t<\/div>\n\t\t\t\t\t<\/div>\n\n\t\n<\/div>\n","protected":false},"featured_media":1270,"comment_status":"closed","ping_status":"closed","template":"","meta":[],"product_brand":[],"product_cat":[103,102,52],"product_tag":[],"class_list":{"0":"post-1980","1":"product","2":"type-product","3":"status-publish","4":"has-post-thumbnail","6":"product_cat-batterien-fur-stationare-anlagen","7":"product_cat-rl-serie","8":"product_cat-unkategorisiert","10":"first","11":"instock","12":"shipping-taxable","13":"product-type-simple"},"_links":{"self":[{"href":"https:\/\/grundwelle.com.tr\/de\/wp-json\/wp\/v2\/product\/1980","targetHints":{"allow":["GET"]}}],"collection":[{"href":"https:\/\/grundwelle.com.tr\/de\/wp-json\/wp\/v2\/product"}],"about":[{"href":"https:\/\/grundwelle.com.tr\/de\/wp-json\/wp\/v2\/types\/product"}],"replies":[{"embeddable":true,"href":"https:\/\/grundwelle.com.tr\/de\/wp-json\/wp\/v2\/comments?post=1980"}],"wp:featuredmedia":[{"embeddable":true,"href":"https:\/\/grundwelle.com.tr\/de\/wp-json\/wp\/v2\/media\/1270"}],"wp:attachment":[{"href":"https:\/\/grundwelle.com.tr\/de\/wp-json\/wp\/v2\/media?parent=1980"}],"wp:term":[{"taxonomy":"product_brand","embeddable":true,"href":"https:\/\/grundwelle.com.tr\/de\/wp-json\/wp\/v2\/product_brand?post=1980"},{"taxonomy":"product_cat","embeddable":true,"href":"https:\/\/grundwelle.com.tr\/de\/wp-json\/wp\/v2\/product_cat?post=1980"},{"taxonomy":"product_tag","embeddable":true,"href":"https:\/\/grundwelle.com.tr\/de\/wp-json\/wp\/v2\/product_tag?post=1980"}],"curies":[{"name":"wp","href":"https:\/\/api.w.org\/{rel}","templated":true}]}}