{"id":2521,"date":"2024-10-09T13:59:14","date_gmt":"2024-10-09T13:59:14","guid":{"rendered":"https:\/\/grundwelle.com.tr\/?post_type=product&#038;p=2521"},"modified":"2024-11-22T13:12:58","modified_gmt":"2024-11-22T13:12:58","slug":"72v-60-80ah-elektrikli-motor-sarj-aleti","status":"publish","type":"product","link":"https:\/\/grundwelle.com.tr\/de\/urun\/72v-60-80ah-elektrikli-motor-sarj-aleti\/","title":{"rendered":"72V 60-80AH Elektrikli Motor \u015earj Aleti"},"content":{"rendered":"<h3><strong>-Otomatik \u015earj kesme<\/strong><\/h3>\n<p>Otomatik devre kesici sayesinde ak\u00fcn\u00fcz \u015farj\u0131 doldu\u011funda otomatik olarak \u015farj\u0131 keserek ak\u00fc \u015fi\u015fmelerinin \u00f6n\u00fcne ge\u00e7mektedir.<\/p>\n<h3><strong>-Termal s\u0131cakl\u0131k koruma<\/strong><\/h3>\n<p>Sahip oldu\u011fu s\u0131cakl\u0131k sens\u00f6rleri sayesinde ak\u00fcn\u00fcz\u00fcn farkl\u0131 s\u0131cakl\u0131k ko\u015fullar\u0131nda, tam kapasitede dolmas\u0131n\u0131 sa\u011flar.<\/p>\n<h3><strong>-Pulse Repair \u015earj \u00f6zelli\u011fi<\/strong><\/h3>\n<p>Darbe gerilimli \u015farj \u00f6zelli\u011fi sayesinde ak\u00fc plakalar\u0131nda s\u00fclfat olu\u015fumunu minimuma indirir.<\/p>\n<h3><strong>-Ters Ba\u011flant\u0131 korumas\u0131<\/strong><\/h3>\n<p>Ters ba\u011flant\u0131lardan olu\u015fabilecek ar\u0131zalar i\u00e7in ekstra koruma sunar. Uluslararas\u0131 elektrik standartlar\u0131na sahiptir. Ak\u00fcn\u00fcze AC voltaj ka\u00e7aklar\u0131n\u0131 engeller.<\/p>\n<h3><strong>-Soft Start \u00c7al\u0131\u015fma<\/strong><\/h3>\n<p>Sahip oldu\u011fu \u00f6zellik sayesinde daha sorunsuz ve g\u00fcvenilir bir \u015fekilde \u00e7al\u0131\u015fmaya ba\u015flar.<\/p>\n<p>&nbsp;<\/p>\n<h3><strong>Teknik \u00d6zellikleri;<\/strong><\/h3>\n<p>\u00dcr\u00fcn Modeli : 72V8A<br \/>\nCihaz G\u00fcc\u00fc : 600W<br \/>\nGiri\u015f Voltaj\u0131 : 220V\uff5e50HZ<br \/>\n\u00dcr\u00fcn \u00f6l\u00e7\u00fcleri : 169mm*81mm*58mm<br \/>\n\u00c7\u0131k\u0131\u015f Voltaj\u0131 : DC 72V-88.8V<br \/>\n\u00c7\u0131k\u0131\u015f Ak\u0131m\u0131 : DC 8.0\u00b10.2A<\/p>\n<div id=\"76910701_DF99_C0B6_F878_E3FC91836398\"><\/div>\n<div class=\"row\"  id=\"row-1479164052\">\n\n\t<div id=\"col-572172672\" class=\"col small-12 large-12\"  >\n\t\t\t\t<div class=\"col-inner\"  >\n\t\t\t\n\t\t\t\n<h2><strong>80 Amper Elektrikli Motor \u015earj Aleti<\/strong><\/h2>\n<p><a href=\"https:\/\/grundwelle.com.tr\/\"><strong>80 Amper Elektrikli Motor \u015earj Aleti <\/strong><\/a>Elektrikli motorlar, \u00e7evre dostu ve ekonomik ula\u015f\u0131m ara\u00e7lar\u0131 olarak giderek daha pop\u00fcler hale geliyor. Bu motorlar\u0131n en \u00f6nemli bile\u015fenlerinden biri olan \u015farj aletleri, bataryalar\u0131n performans\u0131n\u0131 ve motorun kullan\u0131m s\u00fcresini do\u011frudan etkiler. \u00d6zellikle 80AH elektrikli motor \u015farj aleti, y\u00fcksek kapasiteye sahip bataryalar\u0131 h\u0131zl\u0131 ve g\u00fcvenli bir \u015fekilde \u015farj etme \u00f6zelli\u011fiyle \u00f6ne \u00e7\u0131kmaktad\u0131r.<\/p>\n<p>Bu tip \u015farj aletleri, elektrikli motorlar\u0131n uzun menzil ve y\u00fcksek performans taleplerini kar\u015f\u0131layacak \u015fekilde tasarlanm\u0131\u015ft\u0131r. Hem \u015fehir i\u00e7i hem de uzun yolculuklarda etkili \u015farj s\u00fcreleri sa\u011flayarak motor sahiplerine daha verimli bir kullan\u0131m sunar.<\/p>\n<p><strong>\u00a0Elektrikli Motor \u015earj Aleti <\/strong>ba\u015fl\u0131ca avantajlar\u0131 aras\u0131nda y\u00fcksek voltaj korumas\u0131, a\u015f\u0131r\u0131 \u0131s\u0131nma engelleyici sistemler ve h\u0131zl\u0131 \u015farj yetenekleri yer al\u0131r. Bu \u00f6zellikler, kullan\u0131c\u0131lar\u0131n g\u00fcvenli bir \u015fekilde motorlar\u0131n\u0131 \u015farj etmelerini sa\u011flarken, bataryan\u0131n \u00f6mr\u00fcn\u00fc uzatmaya da yard\u0131mc\u0131 olur.<\/p>\n<p>Ayr\u0131ca, ta\u015f\u0131nabilir ve hafif tasar\u0131mlar\u0131, motor sahiplerinin \u015farj cihazlar\u0131n\u0131 kolayca yanlar\u0131nda ta\u015f\u0131yabilmelerine olanak tan\u0131r. Elektrikli motorlar\u0131n batarya sistemlerine uygun bu tip \u015farj aletleri, hem kullan\u0131c\u0131 dostu hem de uzun \u00f6m\u00fcrl\u00fc yap\u0131s\u0131yla sekt\u00f6rde fark yaratmaktad\u0131r.<\/p>\n<h3><strong>80AH Elektrikli Motor \u015earj Aletinin Teknik \u00d6zellikleri ve Kullan\u0131m Alanlar\u0131<\/strong><\/h3>\n<p><strong>80 Amper Elektrikli Motor \u015earj Aleti<\/strong>, \u00f6zellikle y\u00fcksek kapasiteli bataryalarla donat\u0131lm\u0131\u015f motorlar i\u00e7in ideal bir se\u00e7enektir. Teknik a\u00e7\u0131dan, bu \u015farj aletleri genellikle 12V, 24V, 36V veya 48V gibi farkl\u0131 voltaj se\u00e7enekleri sunarak \u00e7e\u015fitli motor bataryalar\u0131yla uyum sa\u011flar.<\/p>\n<p>Ak\u0131ll\u0131 \u015farj y\u00f6netim sistemi sayesinde, \u015farj i\u015flemi s\u0131ras\u0131nda bataryan\u0131n doluluk oran\u0131n\u0131 otomatik olarak alg\u0131layarak en uygun ak\u0131m\u0131 sa\u011flar ve b\u00f6ylece bataryan\u0131n a\u015f\u0131r\u0131 \u015farj olmas\u0131n\u0131 \u00f6nler. Bu \u00f6zellik, bataryan\u0131n \u00f6mr\u00fcn\u00fc korurken, \u015farj s\u00fcrecinin de daha g\u00fcvenli hale gelmesine yard\u0131mc\u0131 olur.<\/p>\n<p><strong>80 Amper <a href=\"https:\/\/grundwelle.com.tr\/\">Elektrikli Motor \u015earj Aleti <\/a><\/strong>Kullan\u0131m alanlar\u0131 bak\u0131m\u0131ndan, 80AH \u015farj aleti genellikle elektrikli scooterlar, motosikletler, bisikletler ve k\u00fc\u00e7\u00fck elektrikli ara\u00e7lar i\u00e7in tercih edilmektedir. \u00d6zellikle \u015fehir i\u00e7i ula\u015f\u0131mda kullan\u0131lan elektrikli motorlar i\u00e7in bu kapasitedeki bir \u015farj aleti, bataryan\u0131n tam dolu hale gelmesi i\u00e7in gerekli s\u00fcrenin minimize edilmesine katk\u0131da bulunur.<\/p>\n<p>Ayr\u0131ca, bu \u015farj cihazlar\u0131 genellikle enerji tasarrufu sa\u011flayan modlarla donat\u0131ld\u0131\u011f\u0131ndan, elektrik t\u00fcketimi de optimize edilir. Uzun yolculuklarda ya da yo\u011fun kullan\u0131mda bile g\u00fcvenilir bir performans sunan bu \u015farj aletleri, motor kullan\u0131c\u0131lar\u0131n\u0131n yolda kalma riskini minimuma indirir.<\/p>\n<p><strong>80 Amper Elektrikli Motor \u015earj Aleti<\/strong>, y\u00fcksek performansl\u0131 bataryalar\u0131n h\u0131zl\u0131 ve g\u00fcvenli bir \u015fekilde \u015farj edilmesi i\u00e7in en uygun \u00e7\u00f6z\u00fcmlerden biridir. Hem teknik \u00f6zellikleri hem de kullan\u0131m kolayl\u0131\u011f\u0131 ile elektrikli motor sahiplerine uzun \u00f6m\u00fcrl\u00fc, verimli ve g\u00fcvenli bir \u015farj deneyimi sunar.<\/p>\n\t\t<\/div>\n\t\t\t\t\t<\/div>\n\n\t\n<\/div>\n<div id=\"76910701_DF99_C0B6_F878_E3FC91836398\"><\/div>\n<div id=\"76910701_DF99_C0B6_F878_E3FC91836398\"><\/div>\n","protected":false},"excerpt":{"rendered":"<p>6 adet 12V 60Ah veya 12V 80Ah ak\u00fc ile \u00e7al\u0131\u015fan elektrikli motorlar ile uyumludur. Sahip oldu\u011fu teknoloji sayesinde ak\u00fcn\u00fcz\u00fcn \u00f6mr\u00fcn\u00fc uzat\u0131r.<\/p>\n<a href=\"https:\/\/shop.grundwelle.com.tr\/product\/72v-80-24ah-elektrikli-motor-sarj-aleti\/\" class=\"button secondary expand\"  >\n\t\t<span>Sat\u0131n Al<\/span>\n\t<\/a>\n\n<div id=\"76910701_DF99_C0B6_F878_E3FC91836398\"><\/div>\n<div id=\"76910701_DF99_C0B6_F878_E3FC91836398\"><\/div>\n","protected":false},"featured_media":2541,"comment_status":"open","ping_status":"closed","template":"","meta":[],"product_brand":[],"product_cat":[131,167],"product_tag":[],"class_list":{"0":"post-2521","1":"product","2":"type-product","3":"status-publish","4":"has-post-thumbnail","6":"product_cat-sarj-aletleri","7":"product_cat-tum-urunler","9":"first","10":"instock","11":"shipping-taxable","12":"product-type-simple"},"_links":{"self":[{"href":"https:\/\/grundwelle.com.tr\/de\/wp-json\/wp\/v2\/product\/2521","targetHints":{"allow":["GET"]}}],"collection":[{"href":"https:\/\/grundwelle.com.tr\/de\/wp-json\/wp\/v2\/product"}],"about":[{"href":"https:\/\/grundwelle.com.tr\/de\/wp-json\/wp\/v2\/types\/product"}],"replies":[{"embeddable":true,"href":"https:\/\/grundwelle.com.tr\/de\/wp-json\/wp\/v2\/comments?post=2521"}],"wp:featuredmedia":[{"embeddable":true,"href":"https:\/\/grundwelle.com.tr\/de\/wp-json\/wp\/v2\/media\/2541"}],"wp:attachment":[{"href":"https:\/\/grundwelle.com.tr\/de\/wp-json\/wp\/v2\/media?parent=2521"}],"wp:term":[{"taxonomy":"product_brand","embeddable":true,"href":"https:\/\/grundwelle.com.tr\/de\/wp-json\/wp\/v2\/product_brand?post=2521"},{"taxonomy":"product_cat","embeddable":true,"href":"https:\/\/grundwelle.com.tr\/de\/wp-json\/wp\/v2\/product_cat?post=2521"},{"taxonomy":"product_tag","embeddable":true,"href":"https:\/\/grundwelle.com.tr\/de\/wp-json\/wp\/v2\/product_tag?post=2521"}],"curies":[{"name":"wp","href":"https:\/\/api.w.org\/{rel}","templated":true}]}}