{"id":1600,"date":"2023-12-28T09:49:24","date_gmt":"2023-12-28T09:49:24","guid":{"rendered":"https:\/\/grundwelle.com.tr\/battery-replacement\/"},"modified":"2024-02-01T14:19:57","modified_gmt":"2024-02-01T14:19:57","slug":"battery-replacement","status":"publish","type":"page","link":"https:\/\/grundwelle.com.tr\/en\/battery-replacement\/","title":{"rendered":"Battery Replacement"},"content":{"rendered":"  <div id=\"page-header-1818718360\" class=\"page-header-wrapper\">\n  <div class=\"page-title dark featured-title\">\n\n        <div class=\"page-title-bg\">\n      <div class=\"title-bg fill bg-fill\"\n        data-parallax-container=\".page-title\"\n        data-parallax-background\n        data-parallax=\"-\">\n      <\/div>\n      <div class=\"title-overlay fill\"><\/div>\n    <\/div>\n    \n    <div class=\"page-title-inner container align-bottom flex-row medium-flex-wrap\" >\n              <div class=\"title-wrapper flex-col text-left medium-text-center\">\n          <h1 class=\"entry-title mb-0\">\n            Battery Replacement          <\/h1>\n        <\/div>\n                    <div class=\"title-content flex-col flex-right text-right medium-text-center\">\n        <div class=\"title-share pt-half pb-half\"><div class=\"social-icons share-icons share-row relative\" ><a href=\"whatsapp:\/\/send?text=Battery%20Replacement - https:\/\/grundwelle.com.tr\/en\/battery-replacement\/\" data-action=\"share\/whatsapp\/share\" class=\"icon button circle is-outline tooltip whatsapp show-for-medium\" title=\"Share on WhatsApp\" aria-label=\"Share on WhatsApp\" ><i class=\"icon-whatsapp\" ><\/i><\/a><a href=\"https:\/\/www.facebook.com\/sharer.php?u=https:\/\/grundwelle.com.tr\/en\/battery-replacement\/\" data-label=\"Facebook\" onclick=\"window.open(this.href,this.title,'width=500,height=500,top=300px,left=300px'); return false;\" target=\"_blank\" class=\"icon button circle is-outline tooltip facebook\" title=\"Share on Facebook\" aria-label=\"Share on Facebook\" rel=\"noopener nofollow\" ><i class=\"icon-facebook\" ><\/i><\/a><a href=\"https:\/\/twitter.com\/share?url=https:\/\/grundwelle.com.tr\/en\/battery-replacement\/\" onclick=\"window.open(this.href,this.title,'width=500,height=500,top=300px,left=300px'); return false;\" target=\"_blank\" class=\"icon button circle is-outline tooltip twitter\" title=\"Share on Twitter\" aria-label=\"Share on Twitter\" rel=\"noopener nofollow\" ><i class=\"icon-twitter\" ><\/i><\/a><a href=\"mailto:?subject=Battery%20Replacement&body=Check%20this%20out%3A%20https%3A%2F%2Fgrundwelle.com.tr%2Fen%2Fbattery-replacement%2F\" class=\"icon button circle is-outline tooltip email\" title=\"Email to a Friend\" aria-label=\"Email to a Friend\" rel=\"nofollow\" ><i class=\"icon-envelop\" ><\/i><\/a><a href=\"https:\/\/pinterest.com\/pin\/create\/button?url=https:\/\/grundwelle.com.tr\/en\/battery-replacement\/&media&description=Battery%20Replacement\" onclick=\"window.open(this.href,this.title,'width=500,height=500,top=300px,left=300px'); return false;\" target=\"_blank\" class=\"icon button circle is-outline tooltip pinterest\" title=\"Pin on Pinterest\" aria-label=\"Pin on Pinterest\" rel=\"noopener nofollow\" ><i class=\"icon-pinterest\" ><\/i><\/a><a href=\"https:\/\/www.linkedin.com\/shareArticle?mini=true&url=https:\/\/grundwelle.com.tr\/en\/battery-replacement\/&title=Battery%20Replacement\" onclick=\"window.open(this.href,this.title,'width=500,height=500,top=300px,left=300px'); return false;\" target=\"_blank\" class=\"icon button circle is-outline tooltip linkedin\" title=\"Share on LinkedIn\" aria-label=\"Share on LinkedIn\" rel=\"noopener nofollow\" ><i class=\"icon-linkedin\" ><\/i><\/a><\/div><\/div>      <\/div>\n    <\/div>\n\n     \n<style>\n#page-header-1818718360 .page-title-inner {\n  min-height: 300px;\n}\n#page-header-1818718360 .title-bg {\n  background-image: url(https:\/\/grundwelle.com.tr\/wp-content\/uploads\/2023\/12\/grundwelle-slide.jpg);\n}\n<\/style>\n  <\/div>\n    <\/div>\n  \n<div class=\"row\"  id=\"row-1077439975\">\n\n\t<div id=\"col-1031202264\" class=\"col small-12 large-12\"  >\n\t\t\t\t<div class=\"col-inner\"  >\n\t\t\t\n\t\t\t\n\t<div id=\"gap-2144297186\" class=\"gap-element clearfix\" style=\"display:block; height:auto;\">\n\t\t\n<style>\n#gap-2144297186 {\n  padding-top: 30px;\n}\n<\/style>\n\t<\/div>\n\t\n<h2 class=\"uppercase\"><span style=\"font-size: 80%;\">Related Products<\/span><\/h2>\n\t<div id=\"gap-367049664\" class=\"gap-element clearfix\" style=\"display:block; height:auto;\">\n\t\t\n<style>\n#gap-367049664 {\n  padding-top: 30px;\n}\n<\/style>\n\t<\/div>\n\t\n\t\n  \n    <div id=\"product-grid-1517406854\" class=\"row large-columns-4 medium-columns-3 small-columns-2 row-small has-shadow row-box-shadow-1 row-box-shadow-5-hover row-masonry\" data-packery-options='{\"itemSelector\": \".col\", \"gutter\": 0, \"presentageWidth\" : true}'>\n\n  \n\t     <div class=\"col\" >\n\t\t\t\t\t\t<div class=\"col-inner\">\n\t\t\t\t\t\t\n<div class=\"badge-container absolute left top z-1\">\n\n<\/div>\n\t\t\t\t\t\t<div class=\"product-small box has-hover box-normal box-text-bottom\">\n\t\t\t\t\t\t\t<div class=\"box-image\" >\n\t\t\t\t\t\t\t\t<div class=\"\" >\n\t\t\t\t\t\t\t\t\t<a href=\"https:\/\/grundwelle.com.tr\/en\/urun\/72v-60-80ah-elektrikli-motor-sarj-aleti\/\" aria-label=\"72V 60-80AH Elektrikli Motor \u015earj Aleti\">\n\t\t\t\t\t\t\t\t\t\t<img loading=\"lazy\" decoding=\"async\" width=\"300\" height=\"300\" src=\"https:\/\/grundwelle.com.tr\/wp-content\/uploads\/2024\/10\/72V-80-24AH-Elektrikli-Motor-Sarj-Aleti-300x300.png\" class=\"attachment-woocommerce_thumbnail size-woocommerce_thumbnail\" alt=\"Elektrikli Motorlar \u0130\u00e7in En \u0130yi 12V 80Ah Ak\u00fc ve \u015earj Aleti\" srcset=\"https:\/\/grundwelle.com.tr\/wp-content\/uploads\/2024\/10\/72V-80-24AH-Elektrikli-Motor-Sarj-Aleti-300x300.png 300w, https:\/\/grundwelle.com.tr\/wp-content\/uploads\/2024\/10\/72V-80-24AH-Elektrikli-Motor-Sarj-Aleti-150x150.png 150w, https:\/\/grundwelle.com.tr\/wp-content\/uploads\/2024\/10\/72V-80-24AH-Elektrikli-Motor-Sarj-Aleti-100x100.png 100w, https:\/\/grundwelle.com.tr\/wp-content\/uploads\/2024\/10\/72V-80-24AH-Elektrikli-Motor-Sarj-Aleti.png 500w\" sizes=\"auto, (max-width: 300px) 100vw, 300px\" \/>\t\t\t\t\t\t\t\t\t<\/a>\n\t\t\t\t\t\t\t\t\t\t\t\t\t\t\t\t\t\t \t\t\t\t\t\t\t\t<\/div>\n\t\t\t\t\t\t\t\t<div class=\"image-tools top right show-on-hover\">\n\t\t\t\t\t\t\t\t\t\t\t\t\t\t\t\t\t<\/div>\n\t\t\t\t\t\t\t\t\t\t\t\t\t\t\t\t\t<div class=\"image-tools grid-tools text-center hide-for-small bottom hover-slide-in show-on-hover\">\n\t\t\t\t\t\t\t\t\t\t\t\t\t\t\t\t\t\t\t<\/div>\n\t\t\t\t\t\t\t\t\t\t\t\t\t\t\t\t\t\t\t\t\t\t\t<\/div>\n\n\t\t\t\t\t\t\t<div class=\"box-text text-left\" >\n\t\t\t\t\t\t\t\t<div class=\"title-wrapper\"><p class=\"name product-title woocommerce-loop-product__title\"><a href=\"https:\/\/grundwelle.com.tr\/en\/urun\/72v-60-80ah-elektrikli-motor-sarj-aleti\/\" class=\"woocommerce-LoopProduct-link woocommerce-loop-product__link\">72V 60-80AH Elektrikli Motor \u015earj Aleti<\/a><\/p><\/div><div class=\"price-wrapper\"><\/div>\t\t\t\t\t\t\t<\/div>\n\t\t\t\t\t\t<\/div>\n\t\t\t\t\t\t<\/div>\n\t\t\t\t\t<\/div><div class=\"col\" >\n\t\t\t\t\t\t<div class=\"col-inner\">\n\t\t\t\t\t\t\n<div class=\"badge-container absolute left top z-1\">\n\n<\/div>\n\t\t\t\t\t\t<div class=\"product-small box has-hover box-normal box-text-bottom\">\n\t\t\t\t\t\t\t<div class=\"box-image\" >\n\t\t\t\t\t\t\t\t<div class=\"\" >\n\t\t\t\t\t\t\t\t\t<a href=\"https:\/\/grundwelle.com.tr\/en\/urun\/12v-24v-aku-sarj-aleti\/\" aria-label=\"12V-24V Ak\u00fc \u015earj Aleti\">\n\t\t\t\t\t\t\t\t\t\t<img loading=\"lazy\" decoding=\"async\" width=\"300\" height=\"300\" src=\"https:\/\/grundwelle.com.tr\/wp-content\/uploads\/2024\/10\/1-3-300x300.png\" class=\"attachment-woocommerce_thumbnail size-woocommerce_thumbnail\" alt=\"60V 20AH Elektrikli Motor \u015earj Aleti\" srcset=\"https:\/\/grundwelle.com.tr\/wp-content\/uploads\/2024\/10\/1-3-300x300.png 300w, https:\/\/grundwelle.com.tr\/wp-content\/uploads\/2024\/10\/1-3-150x150.png 150w, https:\/\/grundwelle.com.tr\/wp-content\/uploads\/2024\/10\/1-3-100x100.png 100w, https:\/\/grundwelle.com.tr\/wp-content\/uploads\/2024\/10\/1-3.png 500w\" sizes=\"auto, (max-width: 300px) 100vw, 300px\" \/>\t\t\t\t\t\t\t\t\t<\/a>\n\t\t\t\t\t\t\t\t\t\t\t\t\t\t\t\t\t\t \t\t\t\t\t\t\t\t<\/div>\n\t\t\t\t\t\t\t\t<div class=\"image-tools top right show-on-hover\">\n\t\t\t\t\t\t\t\t\t\t\t\t\t\t\t\t\t<\/div>\n\t\t\t\t\t\t\t\t\t\t\t\t\t\t\t\t\t<div class=\"image-tools grid-tools text-center hide-for-small bottom hover-slide-in show-on-hover\">\n\t\t\t\t\t\t\t\t\t\t\t\t\t\t\t\t\t\t\t<\/div>\n\t\t\t\t\t\t\t\t\t\t\t\t\t\t\t\t\t\t\t\t\t\t\t<\/div>\n\n\t\t\t\t\t\t\t<div class=\"box-text text-left\" >\n\t\t\t\t\t\t\t\t<div class=\"title-wrapper\"><p class=\"name product-title woocommerce-loop-product__title\"><a href=\"https:\/\/grundwelle.com.tr\/en\/urun\/12v-24v-aku-sarj-aleti\/\" class=\"woocommerce-LoopProduct-link woocommerce-loop-product__link\">12V-24V Ak\u00fc \u015earj Aleti<\/a><\/p><\/div><div class=\"price-wrapper\"><\/div>\t\t\t\t\t\t\t<\/div>\n\t\t\t\t\t\t<\/div>\n\t\t\t\t\t\t<\/div>\n\t\t\t\t\t<\/div><div class=\"col\" >\n\t\t\t\t\t\t<div class=\"col-inner\">\n\t\t\t\t\t\t\n<div class=\"badge-container absolute left top z-1\">\n\n<\/div>\n\t\t\t\t\t\t<div class=\"product-small box has-hover box-normal box-text-bottom\">\n\t\t\t\t\t\t\t<div class=\"box-image\" >\n\t\t\t\t\t\t\t\t<div class=\"\" >\n\t\t\t\t\t\t\t\t\t<a href=\"https:\/\/grundwelle.com.tr\/en\/urun\/48v-14ah-elektrikli-motor-sarj-aleti\/\" aria-label=\"48V 14AH Elektrikli Motor \u015earj Aleti\">\n\t\t\t\t\t\t\t\t\t\t<img loading=\"lazy\" decoding=\"async\" width=\"300\" height=\"300\" src=\"https:\/\/grundwelle.com.tr\/wp-content\/uploads\/2024\/10\/1-1-300x300.png\" class=\"attachment-woocommerce_thumbnail size-woocommerce_thumbnail\" alt=\"48V 14Ah \u015earj Aleti\" srcset=\"https:\/\/grundwelle.com.tr\/wp-content\/uploads\/2024\/10\/1-1-300x300.png 300w, https:\/\/grundwelle.com.tr\/wp-content\/uploads\/2024\/10\/1-1-150x150.png 150w, https:\/\/grundwelle.com.tr\/wp-content\/uploads\/2024\/10\/1-1-100x100.png 100w, https:\/\/grundwelle.com.tr\/wp-content\/uploads\/2024\/10\/1-1.png 500w\" sizes=\"auto, (max-width: 300px) 100vw, 300px\" \/>\t\t\t\t\t\t\t\t\t<\/a>\n\t\t\t\t\t\t\t\t\t\t\t\t\t\t\t\t\t\t \t\t\t\t\t\t\t\t<\/div>\n\t\t\t\t\t\t\t\t<div class=\"image-tools top right show-on-hover\">\n\t\t\t\t\t\t\t\t\t\t\t\t\t\t\t\t\t<\/div>\n\t\t\t\t\t\t\t\t\t\t\t\t\t\t\t\t\t<div class=\"image-tools grid-tools text-center hide-for-small bottom hover-slide-in show-on-hover\">\n\t\t\t\t\t\t\t\t\t\t\t\t\t\t\t\t\t\t\t<\/div>\n\t\t\t\t\t\t\t\t\t\t\t\t\t\t\t\t\t\t\t\t\t\t\t<\/div>\n\n\t\t\t\t\t\t\t<div class=\"box-text text-left\" >\n\t\t\t\t\t\t\t\t<div class=\"title-wrapper\"><p class=\"name product-title woocommerce-loop-product__title\"><a href=\"https:\/\/grundwelle.com.tr\/en\/urun\/48v-14ah-elektrikli-motor-sarj-aleti\/\" class=\"woocommerce-LoopProduct-link woocommerce-loop-product__link\">48V 14AH Elektrikli Motor \u015earj Aleti<\/a><\/p><\/div><div class=\"price-wrapper\"><\/div>\t\t\t\t\t\t\t<\/div>\n\t\t\t\t\t\t<\/div>\n\t\t\t\t\t\t<\/div>\n\t\t\t\t\t<\/div><div class=\"col\" >\n\t\t\t\t\t\t<div class=\"col-inner\">\n\t\t\t\t\t\t\n<div class=\"badge-container absolute left top z-1\">\n\n<\/div>\n\t\t\t\t\t\t<div class=\"product-small box has-hover box-normal box-text-bottom\">\n\t\t\t\t\t\t\t<div class=\"box-image\" >\n\t\t\t\t\t\t\t\t<div class=\"\" >\n\t\t\t\t\t\t\t\t\t<a href=\"https:\/\/grundwelle.com.tr\/en\/urun\/48v-20-24ah-elektrikli-motor-sarj-aleti\/\" aria-label=\"48V 20-24AH Elektrikli Motor \u015earj Aleti\">\n\t\t\t\t\t\t\t\t\t\t<img loading=\"lazy\" decoding=\"async\" width=\"300\" height=\"300\" src=\"https:\/\/grundwelle.com.tr\/wp-content\/uploads\/2024\/10\/1-1-300x300.png\" class=\"attachment-woocommerce_thumbnail size-woocommerce_thumbnail\" alt=\"48V 14Ah \u015earj Aleti\" srcset=\"https:\/\/grundwelle.com.tr\/wp-content\/uploads\/2024\/10\/1-1-300x300.png 300w, https:\/\/grundwelle.com.tr\/wp-content\/uploads\/2024\/10\/1-1-150x150.png 150w, https:\/\/grundwelle.com.tr\/wp-content\/uploads\/2024\/10\/1-1-100x100.png 100w, https:\/\/grundwelle.com.tr\/wp-content\/uploads\/2024\/10\/1-1.png 500w\" sizes=\"auto, (max-width: 300px) 100vw, 300px\" \/>\t\t\t\t\t\t\t\t\t<\/a>\n\t\t\t\t\t\t\t\t\t\t\t\t\t\t\t\t\t\t \t\t\t\t\t\t\t\t<\/div>\n\t\t\t\t\t\t\t\t<div class=\"image-tools top right show-on-hover\">\n\t\t\t\t\t\t\t\t\t\t\t\t\t\t\t\t\t<\/div>\n\t\t\t\t\t\t\t\t\t\t\t\t\t\t\t\t\t<div class=\"image-tools grid-tools text-center hide-for-small bottom hover-slide-in show-on-hover\">\n\t\t\t\t\t\t\t\t\t\t\t\t\t\t\t\t\t\t\t<\/div>\n\t\t\t\t\t\t\t\t\t\t\t\t\t\t\t\t\t\t\t\t\t\t\t<\/div>\n\n\t\t\t\t\t\t\t<div class=\"box-text text-left\" >\n\t\t\t\t\t\t\t\t<div class=\"title-wrapper\"><p class=\"name product-title woocommerce-loop-product__title\"><a href=\"https:\/\/grundwelle.com.tr\/en\/urun\/48v-20-24ah-elektrikli-motor-sarj-aleti\/\" class=\"woocommerce-LoopProduct-link woocommerce-loop-product__link\">48V 20-24AH Elektrikli Motor \u015earj Aleti<\/a><\/p><\/div><div class=\"price-wrapper\"><\/div>\t\t\t\t\t\t\t<\/div>\n\t\t\t\t\t\t<\/div>\n\t\t\t\t\t\t<\/div>\n\t\t\t\t\t<\/div><div class=\"col\" >\n\t\t\t\t\t\t<div class=\"col-inner\">\n\t\t\t\t\t\t\n<div class=\"badge-container absolute left top z-1\">\n\n<\/div>\n\t\t\t\t\t\t<div class=\"product-small box has-hover box-normal box-text-bottom\">\n\t\t\t\t\t\t\t<div class=\"box-image\" >\n\t\t\t\t\t\t\t\t<div class=\"\" >\n\t\t\t\t\t\t\t\t\t<a href=\"https:\/\/grundwelle.com.tr\/en\/urun\/60v-20-24ah-elektrikli-motor-sarj-aleti\/\" aria-label=\"60V 20-24AH Elektrikli Motor \u015earj Aleti\">\n\t\t\t\t\t\t\t\t\t\t<img loading=\"lazy\" decoding=\"async\" width=\"300\" height=\"300\" src=\"https:\/\/grundwelle.com.tr\/wp-content\/uploads\/2024\/10\/Elektrikli-Bisiklet-Akusu-1-300x300.png\" class=\"attachment-woocommerce_thumbnail size-woocommerce_thumbnail\" alt=\"72v 20ah \u015earj Aleti\" srcset=\"https:\/\/grundwelle.com.tr\/wp-content\/uploads\/2024\/10\/Elektrikli-Bisiklet-Akusu-1-300x300.png 300w, https:\/\/grundwelle.com.tr\/wp-content\/uploads\/2024\/10\/Elektrikli-Bisiklet-Akusu-1-150x150.png 150w, https:\/\/grundwelle.com.tr\/wp-content\/uploads\/2024\/10\/Elektrikli-Bisiklet-Akusu-1-100x100.png 100w\" sizes=\"auto, (max-width: 300px) 100vw, 300px\" \/>\t\t\t\t\t\t\t\t\t<\/a>\n\t\t\t\t\t\t\t\t\t\t\t\t\t\t\t\t\t\t \t\t\t\t\t\t\t\t<\/div>\n\t\t\t\t\t\t\t\t<div class=\"image-tools top right show-on-hover\">\n\t\t\t\t\t\t\t\t\t\t\t\t\t\t\t\t\t<\/div>\n\t\t\t\t\t\t\t\t\t\t\t\t\t\t\t\t\t<div class=\"image-tools grid-tools text-center hide-for-small bottom hover-slide-in show-on-hover\">\n\t\t\t\t\t\t\t\t\t\t\t\t\t\t\t\t\t\t\t<\/div>\n\t\t\t\t\t\t\t\t\t\t\t\t\t\t\t\t\t\t\t\t\t\t\t<\/div>\n\n\t\t\t\t\t\t\t<div class=\"box-text text-left\" >\n\t\t\t\t\t\t\t\t<div class=\"title-wrapper\"><p class=\"name product-title woocommerce-loop-product__title\"><a href=\"https:\/\/grundwelle.com.tr\/en\/urun\/60v-20-24ah-elektrikli-motor-sarj-aleti\/\" class=\"woocommerce-LoopProduct-link woocommerce-loop-product__link\">60V 20-24AH Elektrikli Motor \u015earj Aleti<\/a><\/p><\/div><div class=\"price-wrapper\"><\/div>\t\t\t\t\t\t\t<\/div>\n\t\t\t\t\t\t<\/div>\n\t\t\t\t\t\t<\/div>\n\t\t\t\t\t<\/div><div class=\"col\" >\n\t\t\t\t\t\t<div class=\"col-inner\">\n\t\t\t\t\t\t\n<div class=\"badge-container absolute left top z-1\">\n\n<\/div>\n\t\t\t\t\t\t<div class=\"product-small box has-hover box-normal box-text-bottom\">\n\t\t\t\t\t\t\t<div class=\"box-image\" >\n\t\t\t\t\t\t\t\t<div class=\"\" >\n\t\t\t\t\t\t\t\t\t<a href=\"https:\/\/grundwelle.com.tr\/en\/urun\/72v-20-24ah-elektrikli-motor-sarj-aleti\/\" aria-label=\"72V 20-24AH Elektrikli Motor \u015earj Aleti\">\n\t\t\t\t\t\t\t\t\t\t<img loading=\"lazy\" decoding=\"async\" width=\"300\" height=\"300\" src=\"https:\/\/grundwelle.com.tr\/wp-content\/uploads\/2024\/10\/Elektrikli-Bisiklet-Akusu-1-300x300.png\" class=\"attachment-woocommerce_thumbnail size-woocommerce_thumbnail\" alt=\"72v 20ah \u015earj Aleti\" srcset=\"https:\/\/grundwelle.com.tr\/wp-content\/uploads\/2024\/10\/Elektrikli-Bisiklet-Akusu-1-300x300.png 300w, https:\/\/grundwelle.com.tr\/wp-content\/uploads\/2024\/10\/Elektrikli-Bisiklet-Akusu-1-150x150.png 150w, https:\/\/grundwelle.com.tr\/wp-content\/uploads\/2024\/10\/Elektrikli-Bisiklet-Akusu-1-100x100.png 100w\" sizes=\"auto, (max-width: 300px) 100vw, 300px\" \/>\t\t\t\t\t\t\t\t\t<\/a>\n\t\t\t\t\t\t\t\t\t\t\t\t\t\t\t\t\t\t \t\t\t\t\t\t\t\t<\/div>\n\t\t\t\t\t\t\t\t<div class=\"image-tools top right show-on-hover\">\n\t\t\t\t\t\t\t\t\t\t\t\t\t\t\t\t\t<\/div>\n\t\t\t\t\t\t\t\t\t\t\t\t\t\t\t\t\t<div class=\"image-tools grid-tools text-center hide-for-small bottom hover-slide-in show-on-hover\">\n\t\t\t\t\t\t\t\t\t\t\t\t\t\t\t\t\t\t\t<\/div>\n\t\t\t\t\t\t\t\t\t\t\t\t\t\t\t\t\t\t\t\t\t\t\t<\/div>\n\n\t\t\t\t\t\t\t<div class=\"box-text text-left\" >\n\t\t\t\t\t\t\t\t<div class=\"title-wrapper\"><p class=\"name product-title woocommerce-loop-product__title\"><a href=\"https:\/\/grundwelle.com.tr\/en\/urun\/72v-20-24ah-elektrikli-motor-sarj-aleti\/\" class=\"woocommerce-LoopProduct-link woocommerce-loop-product__link\">72V 20-24AH Elektrikli Motor \u015earj Aleti<\/a><\/p><\/div><div class=\"price-wrapper\"><\/div>\t\t\t\t\t\t\t<\/div>\n\t\t\t\t\t\t<\/div>\n\t\t\t\t\t\t<\/div>\n\t\t\t\t\t<\/div><div class=\"col\" >\n\t\t\t\t\t\t<div class=\"col-inner\">\n\t\t\t\t\t\t\n<div class=\"badge-container absolute left top z-1\">\n\n<\/div>\n\t\t\t\t\t\t<div class=\"product-small box has-hover box-normal box-text-bottom\">\n\t\t\t\t\t\t\t<div class=\"box-image\" >\n\t\t\t\t\t\t\t\t<div class=\"\" >\n\t\t\t\t\t\t\t\t\t<a href=\"https:\/\/grundwelle.com.tr\/en\/urun\/rt1223-12v-2-3ah-tam-bakimsiz-kuru-tip-agm-aku-2\/\" aria-label=\"RT1223 12V 2.3Ah Tam Bak\u0131ms\u0131z Kuru Tip AGM Ak\u00fc\">\n\t\t\t\t\t\t\t\t\t\t<img loading=\"lazy\" decoding=\"async\" width=\"300\" height=\"300\" src=\"https:\/\/grundwelle.com.tr\/wp-content\/uploads\/2023\/12\/RT1223-300x300.jpg\" class=\"attachment-woocommerce_thumbnail size-woocommerce_thumbnail\" alt=\"RT1223\" srcset=\"https:\/\/grundwelle.com.tr\/wp-content\/uploads\/2023\/12\/RT1223-300x300.jpg 300w, https:\/\/grundwelle.com.tr\/wp-content\/uploads\/2023\/12\/RT1223-150x150.jpg 150w, https:\/\/grundwelle.com.tr\/wp-content\/uploads\/2023\/12\/RT1223-100x100.jpg 100w, https:\/\/grundwelle.com.tr\/wp-content\/uploads\/2023\/12\/RT1223.jpg 400w\" sizes=\"auto, (max-width: 300px) 100vw, 300px\" \/>\t\t\t\t\t\t\t\t\t<\/a>\n\t\t\t\t\t\t\t\t\t\t\t\t\t\t\t\t\t\t \t\t\t\t\t\t\t\t<\/div>\n\t\t\t\t\t\t\t\t<div class=\"image-tools top right show-on-hover\">\n\t\t\t\t\t\t\t\t\t\t\t\t\t\t\t\t\t<\/div>\n\t\t\t\t\t\t\t\t\t\t\t\t\t\t\t\t\t<div class=\"image-tools grid-tools text-center hide-for-small bottom hover-slide-in show-on-hover\">\n\t\t\t\t\t\t\t\t\t\t\t\t\t\t\t\t\t\t\t<\/div>\n\t\t\t\t\t\t\t\t\t\t\t\t\t\t\t\t\t\t\t\t\t\t\t<\/div>\n\n\t\t\t\t\t\t\t<div class=\"box-text text-left\" >\n\t\t\t\t\t\t\t\t<div class=\"title-wrapper\"><p class=\"name product-title woocommerce-loop-product__title\"><a href=\"https:\/\/grundwelle.com.tr\/en\/urun\/rt1223-12v-2-3ah-tam-bakimsiz-kuru-tip-agm-aku-2\/\" class=\"woocommerce-LoopProduct-link woocommerce-loop-product__link\">RT1223 12V 2.3Ah Tam Bak\u0131ms\u0131z Kuru Tip AGM Ak\u00fc<\/a><\/p><\/div><div class=\"price-wrapper\"><\/div>\t\t\t\t\t\t\t<\/div>\n\t\t\t\t\t\t<\/div>\n\t\t\t\t\t\t<\/div>\n\t\t\t\t\t<\/div><div class=\"col\" >\n\t\t\t\t\t\t<div class=\"col-inner\">\n\t\t\t\t\t\t\n<div class=\"badge-container absolute left top z-1\">\n\n<\/div>\n\t\t\t\t\t\t<div class=\"product-small box has-hover box-normal box-text-bottom\">\n\t\t\t\t\t\t\t<div class=\"box-image\" >\n\t\t\t\t\t\t\t\t<div class=\"\" >\n\t\t\t\t\t\t\t\t\t<a href=\"https:\/\/grundwelle.com.tr\/en\/urun\/blackbatt-bb80-6-evf-12v-80ah-electric-motorcycle-battery\/\" aria-label=\"Blackbatt BB80-6 EVF 12V 80Ah Electric Motorcycle Battery\">\n\t\t\t\t\t\t\t\t\t\t<img loading=\"lazy\" decoding=\"async\" width=\"300\" height=\"300\" src=\"https:\/\/grundwelle.com.tr\/wp-content\/uploads\/2024\/02\/BB80-6-EVF-300x300.jpg\" class=\"attachment-woocommerce_thumbnail size-woocommerce_thumbnail\" alt=\"End\u00fcstriyel Enerji Sistemlerinde Jel Ak\u00fcler\" srcset=\"https:\/\/grundwelle.com.tr\/wp-content\/uploads\/2024\/02\/BB80-6-EVF-300x300.jpg 300w, https:\/\/grundwelle.com.tr\/wp-content\/uploads\/2024\/02\/BB80-6-EVF-150x150.jpg 150w, https:\/\/grundwelle.com.tr\/wp-content\/uploads\/2024\/02\/BB80-6-EVF-100x100.jpg 100w\" sizes=\"auto, (max-width: 300px) 100vw, 300px\" \/>\t\t\t\t\t\t\t\t\t<\/a>\n\t\t\t\t\t\t\t\t\t\t\t\t\t\t\t\t\t\t \t\t\t\t\t\t\t\t<\/div>\n\t\t\t\t\t\t\t\t<div class=\"image-tools top right show-on-hover\">\n\t\t\t\t\t\t\t\t\t\t\t\t\t\t\t\t\t<\/div>\n\t\t\t\t\t\t\t\t\t\t\t\t\t\t\t\t\t<div class=\"image-tools grid-tools text-center hide-for-small bottom hover-slide-in show-on-hover\">\n\t\t\t\t\t\t\t\t\t\t\t\t\t\t\t\t\t\t\t<\/div>\n\t\t\t\t\t\t\t\t\t\t\t\t\t\t\t\t\t\t\t\t\t\t\t<\/div>\n\n\t\t\t\t\t\t\t<div class=\"box-text text-left\" >\n\t\t\t\t\t\t\t\t<div class=\"title-wrapper\"><p class=\"name product-title woocommerce-loop-product__title\"><a href=\"https:\/\/grundwelle.com.tr\/en\/urun\/blackbatt-bb80-6-evf-12v-80ah-electric-motorcycle-battery\/\" class=\"woocommerce-LoopProduct-link woocommerce-loop-product__link\">Blackbatt BB80-6 EVF 12V 80Ah Electric Motorcycle Battery<\/a><\/p><\/div><div class=\"price-wrapper\"><\/div>\t\t\t\t\t\t\t<\/div>\n\t\t\t\t\t\t<\/div>\n\t\t\t\t\t\t<\/div>\n\t\t\t\t\t<\/div><\/div>\n\t<div id=\"gap-1854520073\" class=\"gap-element clearfix\" style=\"display:block; height:auto;\">\n\t\t\n<style>\n#gap-1854520073 {\n  padding-top: 30px;\n}\n<\/style>\n\t<\/div>\n\t\n<h2>Battery Replacement<\/h2>\n<p>We are at your side with our professional battery replacement services to meet your battery needs in home, workplace and industrial areas. To assess the critical factors that determine the performance of batteries, our expert teams perform specialised tests to ensure reliable energy for your home and business.<\/p>\n<p>Firstly, we objectively assess the actual performance of your existing battery with a professional battery test. By analysing the capacity, state of charge and general condition, a clear decision is made as to whether your battery should be replaced or not. At this stage, the storage capacity of your battery and how long it can provide energy are determined. The state of charge analysis helps to determine how full the battery is and when the next charge is required. The general condition inspection provides detailed information on the external appearance, connection points and general health of the battery. These steps allow you to understand the health of your battery and identify potential problems in advance.<\/p>\n<p>One of the advantages of professional battery testing is that it provides an objective assessment of the current performance of the battery. This is an important step to ensure reliable energy at home and at work. At the same time, regular battery tests allow early problems to be detected and the necessary maintenance carried out, ensuring the longevity of your battery.<\/p>\n<p>In our battery replacement services, expert teams perform fast and safe <a href=\"https:\/\/grundwelle.com.tr\/en\/\">battery replacement<\/a> at your home and workplaces. Thanks to advanced equipment and equipment, <a href=\"https:\/\/grundwelle.com.tr\/en\/\">battery replacement<\/a> is completed quickly and efficiently. Our technicians carefully follow each step and ensure quality control at every stage. This gives customers confidence and shows that rapid response also increases reliability.<\/p>\n<p>Our battery replacement services offer a wide range of products equipped with various household, workplace and industrial batteries. The freedom to choose from different brands and models of batteries allows customers to find the most suitable solutions for their needs. In addition to reliable brands, you can choose from batteries of different performance levels and capacities.<\/p>\n<p>Our expert teams, which prioritise customer satisfaction, consist of technicians known for their communication skills. They give detailed explanations about the process and answer any questions customers may have. This enables customers to understand the <a href=\"https:\/\/grundwelle.com.tr\/en\/\">battery replacement<\/a> process and contributes to their confidence.<\/p>\n<p>You can rely on us for special solutions for your home, workplace and industrial battery needs. Powerful performance, long life and a variety of options ensure reliable energy for your home and business.<\/p>\n<h3>Reliable and Uninterrupted Energy Solutions<\/h3>\n<p>Our professional battery replacement services are an important step in providing the reliable energy you need at home, workplace and industrial areas. Our teams of experts optimally evaluate your batteries, starting with professional battery tests that objectively assess actual performance.<\/p>\n<p>Our fast and safe battery replacement services are supported by advanced equipment and quality control steps. This not only offers customers a quick solution, but also increases reliability.<\/p>\n<p>Our wide product range includes a choice of batteries in various makes and models to suit different needs. Our expert technicians, known for their communication skills that prioritise customer satisfaction, provide detailed explanations about the process and always support customers with their questions.<\/p>\n<p>We are proud to be a reliable partner in providing uninterrupted energy by offering strong performance, long life and various options with our special solutions for your home, workplace and industrial battery needs.<\/p>\n<div id=\"5411C9C5_E362_3B97_E59F_B7231BBF96D0\"><\/div>\n\t\t<\/div>\n\t\t\t\t\t<\/div>\n\n\t\n<\/div>\n<div id=\"5411C9C5_E362_3B97_E59F_B7231BBF96D0\"><\/div>\n","protected":false},"excerpt":{"rendered":"","protected":false},"author":1,"featured_media":0,"parent":0,"menu_order":0,"comment_status":"closed","ping_status":"closed","template":"page-blank.php","meta":{"footnotes":""},"class_list":["post-1600","page","type-page","status-publish","hentry"],"_links":{"self":[{"href":"https:\/\/grundwelle.com.tr\/en\/wp-json\/wp\/v2\/pages\/1600","targetHints":{"allow":["GET"]}}],"collection":[{"href":"https:\/\/grundwelle.com.tr\/en\/wp-json\/wp\/v2\/pages"}],"about":[{"href":"https:\/\/grundwelle.com.tr\/en\/wp-json\/wp\/v2\/types\/page"}],"author":[{"embeddable":true,"href":"https:\/\/grundwelle.com.tr\/en\/wp-json\/wp\/v2\/users\/1"}],"replies":[{"embeddable":true,"href":"https:\/\/grundwelle.com.tr\/en\/wp-json\/wp\/v2\/comments?post=1600"}],"version-history":[{"count":8,"href":"https:\/\/grundwelle.com.tr\/en\/wp-json\/wp\/v2\/pages\/1600\/revisions"}],"predecessor-version":[{"id":1665,"href":"https:\/\/grundwelle.com.tr\/en\/wp-json\/wp\/v2\/pages\/1600\/revisions\/1665"}],"wp:attachment":[{"href":"https:\/\/grundwelle.com.tr\/en\/wp-json\/wp\/v2\/media?parent=1600"}],"curies":[{"name":"wp","href":"https:\/\/api.w.org\/{rel}","templated":true}]}}