{"id":2407,"date":"2024-10-04T14:47:45","date_gmt":"2024-10-04T14:47:45","guid":{"rendered":"https:\/\/grundwelle.com.tr\/?post_type=product&#038;p=2407"},"modified":"2024-11-22T13:15:09","modified_gmt":"2024-11-22T13:15:09","slug":"rt1223-12v-2-3ah-tam-bakimsiz-kuru-tip-agm-aku-2","status":"publish","type":"product","link":"https:\/\/grundwelle.com.tr\/en\/urun\/rt1223-12v-2-3ah-tam-bakimsiz-kuru-tip-agm-aku-2\/","title":{"rendered":"RT1223 12V 2.3Ah Tam Bak\u0131ms\u0131z Kuru Tip AGM Ak\u00fc"},"content":{"rendered":"<p>-Uzun dizayn \u00f6mr\u00fc<br \/>\n-D\u00fc\u015f\u00fck self de\u015farj karakteristi\u011fi<br \/>\n-Y\u00fcksek De\u015farj g\u00fcc\u00fc<br \/>\n-Geni\u015f operasyon S\u0131cakl\u0131\u011f\u0131<br \/>\n-IEC, JIS, BS ve YDT standartlar\u0131na uygundur<\/p>\n<p>Voltaj : 12V<br \/>\nKapasite : 2.3Ah@20hr-rate to 1.75V per cell @25\u2103<br \/>\nTerminal : F1<br \/>\nBoyutlar : 177 x 35 x 68* mm (En x Boy x Y\u00fck)<br \/>\nA\u011f\u0131rl\u0131k : Yakla\u015f\u0131k 0.85 Kg (Tolerans\u00b13.0%)<br \/>\n\u0130\u00e7 Diren\u00e7 : Yakla\u015f\u0131k 70.0 m\u03a9<br \/>\nVRLA Teknoloji<\/p>\n<p>*Terminaller dahil toplam y\u00fcksekliktir<\/p>\n","protected":false},"excerpt":{"rendered":"<p>Ritar RT Serisi ak\u00fcler 6-8 y\u0131ll\u0131k dizayn \u00f6mr\u00fcne sahip genel kullan\u0131m VRLA ak\u00fclerdir. IEC ve JIS standartlar\u0131na sahiptir. 6V ve 12V se\u00e7enekleriyle 1.3Ah\u2019den 28Ah\u2019ye kadar kapasiteye sahiptir.<\/p>\n<div class=\"row\"  id=\"row-1791609340\">\n\n\t<div id=\"col-1012949131\" class=\"col medium-6 small-12 large-6\"  >\n\t\t\t\t<div class=\"col-inner\"  >\n\t\t\t\n\t\t\t\n<a href=\"https:\/\/grundwelle.com.tr\/wp-content\/uploads\/2023\/12\/RT1223.pdf\" class=\"button secondary expand\"  >\n\t\t<span>Teknik Katalog<\/span>\n\t<\/a>\n\n\t\t<\/div>\n\t\t\t\t\t<\/div>\n\n\t\n\n\t<div id=\"col-1243412269\" class=\"col medium-6 small-12 large-6\"  >\n\t\t\t\t<div class=\"col-inner\"  >\n\t\t\t\n\t\t\t\n<a href=\"https:\/\/shop.grundwelle.com.tr\/product-category\/tum-urunler\/\" class=\"button secondary expand\"  >\n\t\t<span>Sat\u0131n Al<\/span>\n\t<\/a>\n\n\t\t<\/div>\n\t\t\t\t\t<\/div>\n\n\t\n\n\t<div id=\"col-777028122\" class=\"col medium-6 small-12 large-6\"  >\n\t\t\t\t<div class=\"col-inner\"  >\n\t\t\t\n\t\t\t\n<a href=\"#kullanim-alani\" class=\"button primary is-outline expand\"  >\n\t\t<span>Kullan\u0131m Alan\u0131<\/span>\n\t<\/a>\n\n\t\t<\/div>\n\t\t\t\t\t<\/div>\n\n\t\n\n\t<div id=\"col-1569993457\" class=\"col medium-6 small-12 large-6\"  >\n\t\t\t\t<div class=\"col-inner\"  >\n\t\t\t\n\t\t\t\n<a href=\"https:\/\/grundwelle.com.tr\/kalite-belgeleri\/\" class=\"button primary is-outline expand\"  >\n\t\t<span>Kalite Belgeleri<\/span>\n\t<\/a>\n\n\t\t<\/div>\n\t\t\t\t\t<\/div>\n\n\t\n<\/div>\n","protected":false},"featured_media":460,"comment_status":"closed","ping_status":"closed","template":"","meta":[],"product_brand":[],"product_cat":[118,39,18,20],"product_tag":[],"class_list":{"0":"post-2407","1":"product","2":"type-product","3":"status-publish","4":"has-post-thumbnail","6":"product_cat-12v-2-3ah-aku","7":"product_cat-bakimsiz-kuru-tip-akuler","8":"product_cat-ritar-aku","9":"product_cat-rt-serisi","10":"pa_voltaj-12v","12":"first","13":"instock","14":"shipping-taxable","15":"product-type-simple"},"_links":{"self":[{"href":"https:\/\/grundwelle.com.tr\/en\/wp-json\/wp\/v2\/product\/2407","targetHints":{"allow":["GET"]}}],"collection":[{"href":"https:\/\/grundwelle.com.tr\/en\/wp-json\/wp\/v2\/product"}],"about":[{"href":"https:\/\/grundwelle.com.tr\/en\/wp-json\/wp\/v2\/types\/product"}],"replies":[{"embeddable":true,"href":"https:\/\/grundwelle.com.tr\/en\/wp-json\/wp\/v2\/comments?post=2407"}],"wp:featuredmedia":[{"embeddable":true,"href":"https:\/\/grundwelle.com.tr\/en\/wp-json\/wp\/v2\/media\/460"}],"wp:attachment":[{"href":"https:\/\/grundwelle.com.tr\/en\/wp-json\/wp\/v2\/media?parent=2407"}],"wp:term":[{"taxonomy":"product_brand","embeddable":true,"href":"https:\/\/grundwelle.com.tr\/en\/wp-json\/wp\/v2\/product_brand?post=2407"},{"taxonomy":"product_cat","embeddable":true,"href":"https:\/\/grundwelle.com.tr\/en\/wp-json\/wp\/v2\/product_cat?post=2407"},{"taxonomy":"product_tag","embeddable":true,"href":"https:\/\/grundwelle.com.tr\/en\/wp-json\/wp\/v2\/product_tag?post=2407"}],"curies":[{"name":"wp","href":"https:\/\/api.w.org\/{rel}","templated":true}]}}