{"id":2519,"date":"2024-10-09T13:59:13","date_gmt":"2024-10-09T13:59:13","guid":{"rendered":"https:\/\/grundwelle.com.tr\/?post_type=product&#038;p=2519"},"modified":"2024-11-22T13:10:59","modified_gmt":"2024-11-22T13:10:59","slug":"60v-20-24ah-elektrikli-motor-sarj-aleti","status":"publish","type":"product","link":"https:\/\/grundwelle.com.tr\/en\/urun\/60v-20-24ah-elektrikli-motor-sarj-aleti\/","title":{"rendered":"60V 20-24AH Elektrikli Motor \u015earj Aleti"},"content":{"rendered":"<h3><strong>-Otomatik \u015earj kesme<\/strong><\/h3>\n<p>Otomatik devre kesici sayesinde ak\u00fcn\u00fcz \u015farj\u0131 doldu\u011funda otomatik olarak \u015farj\u0131 keserek ak\u00fc \u015fi\u015fmelerinin \u00f6n\u00fcne ge\u00e7mektedir.<\/p>\n<h3><strong>-Termal s\u0131cakl\u0131k koruma<\/strong><\/h3>\n<p>Sahip oldu\u011fu s\u0131cakl\u0131k sens\u00f6rleri sayesinde ak\u00fcn\u00fcz\u00fcn farkl\u0131 s\u0131cakl\u0131k ko\u015fullar\u0131nda, tam kapasitede dolmas\u0131n\u0131 sa\u011flar.<\/p>\n<h3><strong>-Pulse Repair \u015earj \u00f6zelli\u011fi<\/strong><\/h3>\n<p>Darbe gerilimli \u015farj \u00f6zelli\u011fi sayesinde ak\u00fc plakalar\u0131nda s\u00fclfat olu\u015fumunu minimuma indirir.<\/p>\n<h3><strong>-Ters Ba\u011flant\u0131 korumas\u0131<\/strong><\/h3>\n<p>Ters ba\u011flant\u0131lardan olu\u015fabilecek ar\u0131zalar i\u00e7in ekstra koruma sunar. Uluslararas\u0131 elektrik standartlar\u0131na sahiptir. Ak\u00fcn\u00fcze AC voltaj ka\u00e7aklar\u0131n\u0131 engeller.<\/p>\n<h3><strong>-Soft Start \u00c7al\u0131\u015fma<\/strong><\/h3>\n<p>Sahip oldu\u011fu \u00f6zellik sayesinde daha sorunsuz ve g\u00fcvenilir bir \u015fekilde \u00e7al\u0131\u015fmaya ba\u015flar.<\/p>\n<div id=\"76910701_DF99_C0B6_F878_E3FC91836398\"><\/div>\n<h3><span style=\"font-size: 80%;\"><strong>Teknik \u00d6zellikleri;<\/strong><\/span><\/h3>\n<p>\u00dcr\u00fcn Modeli : 60V3A<br \/>\nCihaz G\u00fcc\u00fc : 250W<br \/>\nGiri\u015f Voltaj\u0131 : 220V\uff5e50HZ<br \/>\n\u00dcr\u00fcn \u00f6l\u00e7\u00fcleri : 169mm*81mm*58mm<br \/>\n\u00c7\u0131k\u0131\u015f Voltaj\u0131 : DC 60V-73.8V<br \/>\n\u00c7\u0131k\u0131\u015f Ak\u0131m\u0131 : DC 3.0\u00b10.2A<\/p>\n<div class=\"row\"  id=\"row-625758094\">\n\n\t<div id=\"col-1632117368\" class=\"col small-12 large-12\"  >\n\t\t\t\t<div class=\"col-inner\"  >\n\t\t\t\n\t\t\t\n<h2>60V 20Ah \u015earj Aleti<\/h2>\n<p><strong>60V 20Ah \u015farj aleti <\/strong>Elektrikli motor kullan\u0131c\u0131lar\u0131n\u0131n en \u00f6nemli ihtiya\u00e7lar\u0131ndan biri, do\u011fru \u015farj aletini bulmakt\u0131r. E\u011fer siz de elektrikli motorunuzu kullan\u0131rken uzun s\u00fcreli performans ve g\u00fcvenlik istiyorsan\u0131z, <strong>60V 20Ah \u015farj aleti<\/strong> tam size g\u00f6re olabilir. Bu yaz\u0131da, elektrikli motorunuz i\u00e7in neden <strong>60V 20Ah \u015farj aleti<\/strong> se\u00e7meniz gerekti\u011fini ve nas\u0131l do\u011fru \u015farj aleti se\u00e7ebilece\u011finizi samimi bir \u015fekilde a\u00e7\u0131klayaca\u011f\u0131m.<\/p>\n<h3>Neden 60V 20Ah \u015earj Aleti?<\/h3>\n<p>Elektrikli motorlar, \u00e7evre dostu ve ekonomik bir ula\u015f\u0131m arac\u0131 olarak pop\u00fclerle\u015fiyor. Ancak, bu motorlar\u0131n verimli \u00e7al\u0131\u015fabilmesi i\u00e7in do\u011fru \u015farj aletine ihtiya\u00e7lar\u0131 vard\u0131r. <strong>60V 20Ah \u015farj aleti<\/strong>, \u00f6zellikle uzun mesafeli s\u00fcr\u00fc\u015fler ve y\u00fcksek performans gereksinimleri olan elektrikli motorlar i\u00e7in ideal bir se\u00e7enektir. \u0130\u015fte bu \u015farj aletinin avantajlar\u0131:<\/p>\n<ul>\n<li><strong>H\u0131zl\u0131 \u015earj<\/strong>: Bu t\u00fcr \u015farj aletleri, bataryan\u0131z\u0131 daha h\u0131zl\u0131 \u015farj etme yetene\u011fine sahiptir, b\u00f6ylece motorunuzu daha k\u0131sa s\u00fcrede kullanmaya ba\u015flayabilirsiniz.<\/li>\n<li><strong>Uzun S\u00fcreli Dayan\u0131kl\u0131l\u0131k<\/strong>: <strong>60V 20Ah \u015farj aleti<\/strong>, bataryalar\u0131n \u00f6mr\u00fcn\u00fc uzatarak daha verimli bir kullan\u0131m sa\u011flar.<\/li>\n<li><strong>Y\u00fcksek Kapasite<\/strong>: 20Ah kapasite, uzun s\u00fcreli kullan\u0131m i\u00e7in yeterli enerjiyi sa\u011flar, b\u00f6ylece uzun yolculuklar i\u00e7in endi\u015felenmenize gerek kalmaz.<\/li>\n<\/ul>\n<p>Bu \u00f6zellikler, <strong>60V 20Ah \u015farj aleti<\/strong> kullan\u0131m\u0131n\u0131 elektrikli motor kullan\u0131c\u0131lar\u0131 i\u00e7in cazip hale getiriyor.<\/p>\n<h3>Elektrikli Motor \u0130\u00e7in Do\u011fru \u015earj Aleti Se\u00e7mek<\/h3>\n<p>Elektrikli motorunuzun performans\u0131n\u0131 artt\u0131rmak i\u00e7in do\u011fru \u015farj aletini se\u00e7mek \u00e7ok \u00f6nemlidir. <strong>60V 20Ah \u015farj aleti<\/strong> se\u00e7erken dikkate alman\u0131z gereken baz\u0131 fakt\u00f6rler bulunmaktad\u0131r:<\/p>\n<h3>Uyumlu Olmas\u0131<\/h3>\n<p>Her motor i\u00e7in farkl\u0131 \u015farj aletleri gereklidir. Bu y\u00fczden, motorunuzun voltaj ve amper de\u011ferine uygun bir \u015farj aleti se\u00e7mek kritik bir ad\u0131md\u0131r. <strong>60V 20Ah \u015farj aleti<\/strong>, motorunuzun \u00f6zellikleriyle tam uyumlu oldu\u011funda en iyi performans\u0131 al\u0131rs\u0131n\u0131z.<\/p>\n<h3><strong>60V 20Ah \u015farj aleti <\/strong>G\u00fcvenlik \u00d6zellikleri<\/h3>\n<p>Elektrikli ara\u00e7lar i\u00e7in g\u00fcvenlik \u00f6n planda olmal\u0131d\u0131r. <strong>60V 20Ah \u015farj aleti<\/strong> al\u0131rken, a\u015f\u0131r\u0131 \u015farj, k\u0131sa devre ve a\u015f\u0131r\u0131 \u0131s\u0131nma gibi durumlara kar\u015f\u0131 koruma sa\u011flayan g\u00fcvenlik \u00f6zelliklerine dikkat etmelisiniz. Bu, hem bataryan\u0131z\u0131n \u00f6mr\u00fcn\u00fc uzat\u0131r hem de sizi olas\u0131 kazalardan korur.<\/p>\n<h3><strong>60V 20Ah \u015farj aleti <\/strong>Fiyat ve Performans Dengesi<\/h3>\n<p>Her ne kadar kaliteli bir \u015farj aleti biraz daha pahal\u0131 olsa da, uzun vadede size daha fazla tasarruf sa\u011flayacakt\u0131r. <a href=\"https:\/\/grundwelle.com.tr\/\"><strong>60V 20Ah \u015farj aleti<\/strong><\/a> fiyat\u0131n\u0131 ve performans\u0131n\u0131 g\u00f6z \u00f6n\u00fcnde bulundurdu\u011funuzda, uzun s\u00fcreli bir yat\u0131r\u0131m yapm\u0131\u015f olursunuz.<\/p>\n<h2>60V 20Ah \u015earj Aleti ile G\u00fcvenli ve Verimli S\u00fcr\u00fc\u015fler<\/h2>\n<p>Elektrikli motorunuzun verimli bir \u015fekilde \u00e7al\u0131\u015fabilmesi i\u00e7in do\u011fru \u015farj aleti kullanmak, en az motorun kendisi kadar \u00f6nemlidir. <strong>60V 20Ah \u015farj aleti<\/strong> sayesinde, elektrikli motorunuzun bataryas\u0131n\u0131 do\u011fru \u015fekilde \u015farj edebilir ve hem g\u00fcvenli hem de uzun s\u00fcreli bir kullan\u0131m deneyimi ya\u015fayabilirsiniz.<\/p>\n<h3>Kolay Kullan\u0131m<\/h3>\n<p>Bu t\u00fcr \u015farj aletleri genellikle kullan\u0131m a\u00e7\u0131s\u0131ndan olduk\u00e7a basittir. Bir\u00e7ok model, \u015farj i\u015flemi tamamland\u0131\u011f\u0131nda otomatik olarak durur, bu da bataryan\u0131n zarar g\u00f6rmesini engeller.<\/p>\n<h3>Ta\u015f\u0131nabilirlik<\/h3>\n<p>Elektrikli motor kullan\u0131c\u0131lar\u0131 i\u00e7in ta\u015f\u0131ma kolayl\u0131\u011f\u0131 da \u00f6nemli bir fakt\u00f6rd\u00fcr. \u00c7o\u011fu <strong>60V 20Ah \u015farj aleti<\/strong>, hafif ve kompakt tasar\u0131mlar\u0131 sayesinde rahatl\u0131kla ta\u015f\u0131nabilir. Bu da yolda kalman\u0131z durumunda kolayca \u015farj edebilmenizi sa\u011flar.<\/p>\n<h3>Uzun Vadeli Yat\u0131r\u0131m<\/h3>\n<p>Bir <strong>60V 20Ah \u015farj aleti<\/strong>, bataryan\u0131z\u0131 sadece verimli bir \u015fekilde \u015farj etmekle kalmaz, ayn\u0131 zamanda uzun vadede daha az bak\u0131m gerektirir. Y\u00fcksek kaliteli bir \u015farj aletiyle, bataryan\u0131z daha uzun s\u00fcre dayan\u0131r, b\u00f6ylece motorunuzun \u00f6mr\u00fc uzar.<\/p>\n\t\t<\/div>\n\t\t\t\t\t<\/div>\n\n\t\n<\/div>\n<div id=\"76910701_DF99_C0B6_F878_E3FC91836398\"><\/div>\n","protected":false},"excerpt":{"rendered":"<p>5 adet 12V 20Ah veya 12V 24Ah ak\u00fc ile \u00e7al\u0131\u015fan elektrikli motorlar ile uyumludur. Sahip oldu\u011fu teknoloji sayesinde ak\u00fcn\u00fcz\u00fcn \u00f6mr\u00fcn\u00fc uzat\u0131r. \u00d6n y\u00fczeyinde bulunan LCD panel ile ak\u00fc dolum seviyesini rahat bir \u015fekilde takip edebilirsiniz.<\/p>\n<a href=\"https:\/\/shop.grundwelle.com.tr\/product\/60v-20-24ah-elektrikli-motor-sarj-aleti\/\" class=\"button secondary expand\"  >\n\t\t<span>Sat\u0131n Al<\/span>\n\t<\/a>\n\n<div id=\"76910701_DF99_C0B6_F878_E3FC91836398\"><\/div>\n","protected":false},"featured_media":2535,"comment_status":"open","ping_status":"closed","template":"","meta":[],"product_brand":[],"product_cat":[131,167],"product_tag":[],"class_list":{"0":"post-2519","1":"product","2":"type-product","3":"status-publish","4":"has-post-thumbnail","6":"product_cat-sarj-aletleri","7":"product_cat-tum-urunler","9":"first","10":"instock","11":"shipping-taxable","12":"product-type-simple"},"_links":{"self":[{"href":"https:\/\/grundwelle.com.tr\/en\/wp-json\/wp\/v2\/product\/2519","targetHints":{"allow":["GET"]}}],"collection":[{"href":"https:\/\/grundwelle.com.tr\/en\/wp-json\/wp\/v2\/product"}],"about":[{"href":"https:\/\/grundwelle.com.tr\/en\/wp-json\/wp\/v2\/types\/product"}],"replies":[{"embeddable":true,"href":"https:\/\/grundwelle.com.tr\/en\/wp-json\/wp\/v2\/comments?post=2519"}],"wp:featuredmedia":[{"embeddable":true,"href":"https:\/\/grundwelle.com.tr\/en\/wp-json\/wp\/v2\/media\/2535"}],"wp:attachment":[{"href":"https:\/\/grundwelle.com.tr\/en\/wp-json\/wp\/v2\/media?parent=2519"}],"wp:term":[{"taxonomy":"product_brand","embeddable":true,"href":"https:\/\/grundwelle.com.tr\/en\/wp-json\/wp\/v2\/product_brand?post=2519"},{"taxonomy":"product_cat","embeddable":true,"href":"https:\/\/grundwelle.com.tr\/en\/wp-json\/wp\/v2\/product_cat?post=2519"},{"taxonomy":"product_tag","embeddable":true,"href":"https:\/\/grundwelle.com.tr\/en\/wp-json\/wp\/v2\/product_tag?post=2519"}],"curies":[{"name":"wp","href":"https:\/\/api.w.org\/{rel}","templated":true}]}}